{"id":27070,"date":"2026-01-09T12:55:32","date_gmt":"2026-01-09T12:55:32","guid":{"rendered":"https:\/\/nomesvending.com\/web\/?post_type=product&#038;p=27070"},"modified":"2026-01-09T12:59:36","modified_gmt":"2026-01-09T12:59:36","slug":"kit-porta-capsulas-nespresso","status":"publish","type":"product","link":"https:\/\/nomesvending.com\/web\/tienda\/maquinas\/kit-portacapsulas\/kit-porta-capsulas-nespresso\/","title":{"rendered":"Kit Porta C\u00e1psulas NESPRESSO"},"content":{"rendered":"<p data-start=\"154\" data-end=\"487\">El <strong data-start=\"157\" data-end=\"189\">Kit Porta C\u00e1psulas NESPRESSO<\/strong> est\u00e1 dise\u00f1ado para mantener tus c\u00e1psulas <strong data-start=\"231\" data-end=\"269\">ordenadas, accesibles y a la vista<\/strong>, optimizando la experiencia de preparaci\u00f3n del caf\u00e9 en cualquier entorno. Compatible espec\u00edficamente con el sistema <strong data-start=\"386\" data-end=\"399\">NESPRESSO<\/strong>, asegura un ajuste perfecto y facilita la extracci\u00f3n r\u00e1pida y c\u00f3moda de cada c\u00e1psula.<\/p>\n<p data-start=\"489\" data-end=\"755\">Ideal para <strong data-start=\"500\" data-end=\"580\">oficinas, zonas de autoservicio, cafeter\u00edas y establecimientos de hosteler\u00eda<\/strong>, este kit combina <strong data-start=\"599\" data-end=\"627\">funcionalidad y est\u00e9tica<\/strong>, permitiendo almacenar las c\u00e1psulas de manera organizada y visible, ahorrando espacio y mejorando la eficiencia del servicio.<\/p>\n<p data-start=\"757\" data-end=\"991\">Fabricado con materiales resistentes y duraderos, el <strong data-start=\"810\" data-end=\"842\">Kit Porta C\u00e1psulas NESPRESSO<\/strong> ofrece <strong data-start=\"850\" data-end=\"904\">estabilidad, facilidad de uso y un dise\u00f1o elegante<\/strong>, convirti\u00e9ndose en un accesorio profesional que aporta orden y estilo al \u00e1rea de caf\u00e9.<\/p>\n","protected":false},"excerpt":{"rendered":"<p>Kit Porta C\u00e1psulas NESPRESSO para organizar c\u00e1psulas de caf\u00e9 de manera pr\u00e1ctica y elegante. Ideal para oficinas y hosteler\u00eda.<\/p>\n","protected":false},"featured_media":26985,"comment_status":"open","ping_status":"closed","template":"","meta":[],"product_brand":[],"product_cat":[274,151],"product_tag":[],"class_list":{"0":"post-27070","1":"product","2":"type-product","3":"status-publish","4":"has-post-thumbnail","6":"product_cat-kit-portacapsulas","7":"product_cat-maquinas","9":"first","10":"instock","11":"taxable","12":"shipping-taxable","13":"purchasable","14":"product-type-simple"},"yoast_head":"<!-- This site is optimized with the Yoast SEO plugin v27.0 - https:\/\/yoast.com\/product\/yoast-seo-wordpress\/ -->\n<title>Kit Porta C\u00e1psulas NESPRESSO - Nomesvending<\/title>\n<meta name=\"description\" content=\"Kit Porta C\u00e1psulas NESPRESSO: organizaci\u00f3n pr\u00e1ctica y elegante para c\u00e1psulas de caf\u00e9. Perfecto para oficinas, cafeter\u00edas y hosteler\u00eda.\" \/>\n<meta name=\"robots\" content=\"index, follow, max-snippet:-1, max-image-preview:large, max-video-preview:-1\" \/>\n<link rel=\"canonical\" href=\"https:\/\/nomesvending.com\/web\/tienda\/maquinas\/kit-portacapsulas\/kit-porta-capsulas-nespresso\/\" \/>\n<meta property=\"og:locale\" content=\"es_ES\" \/>\n<meta property=\"og:type\" content=\"article\" \/>\n<meta property=\"og:title\" content=\"Kit Porta C\u00e1psulas NESPRESSO - Nomesvending\" \/>\n<meta property=\"og:description\" content=\"Kit Porta C\u00e1psulas NESPRESSO: organizaci\u00f3n pr\u00e1ctica y elegante para c\u00e1psulas de caf\u00e9. Perfecto para oficinas, cafeter\u00edas y hosteler\u00eda.\" \/>\n<meta property=\"og:url\" content=\"https:\/\/nomesvending.com\/web\/tienda\/maquinas\/kit-portacapsulas\/kit-porta-capsulas-nespresso\/\" \/>\n<meta property=\"og:site_name\" content=\"Nomesvending\" \/>\n<meta property=\"article:publisher\" content=\"https:\/\/www.facebook.com\/NomesVending\/\" \/>\n<meta property=\"article:modified_time\" content=\"2026-01-09T12:59:36+00:00\" \/>\n<meta property=\"og:image\" content=\"https:\/\/nomesvending.com\/web\/wp-content\/uploads\/2026\/01\/KIT-.png\" \/>\n\t<meta property=\"og:image:width\" content=\"900\" \/>\n\t<meta property=\"og:image:height\" content=\"900\" \/>\n\t<meta property=\"og:image:type\" content=\"image\/png\" \/>\n<meta name=\"twitter:card\" content=\"summary_large_image\" \/>\n<meta name=\"twitter:label1\" content=\"Tiempo de lectura\" \/>\n\t<meta name=\"twitter:data1\" content=\"1 minuto\" \/>\n<script type=\"application\/ld+json\" class=\"yoast-schema-graph\">{\"@context\":\"https:\/\/schema.org\",\"@graph\":[{\"@type\":\"WebPage\",\"@id\":\"https:\/\/nomesvending.com\/web\/tienda\/maquinas\/kit-portacapsulas\/kit-porta-capsulas-nespresso\/\",\"url\":\"https:\/\/nomesvending.com\/web\/tienda\/maquinas\/kit-portacapsulas\/kit-porta-capsulas-nespresso\/\",\"name\":\"Kit Porta C\u00e1psulas NESPRESSO - Nomesvending\",\"isPartOf\":{\"@id\":\"https:\/\/nomesvending.com\/web\/#website\"},\"primaryImageOfPage\":{\"@id\":\"https:\/\/nomesvending.com\/web\/tienda\/maquinas\/kit-portacapsulas\/kit-porta-capsulas-nespresso\/#primaryimage\"},\"image\":{\"@id\":\"https:\/\/nomesvending.com\/web\/tienda\/maquinas\/kit-portacapsulas\/kit-porta-capsulas-nespresso\/#primaryimage\"},\"thumbnailUrl\":\"https:\/\/nomesvending.com\/web\/wp-content\/uploads\/2026\/01\/KIT-.png\",\"datePublished\":\"2026-01-09T12:55:32+00:00\",\"dateModified\":\"2026-01-09T12:59:36+00:00\",\"description\":\"Kit Porta C\u00e1psulas NESPRESSO: organizaci\u00f3n pr\u00e1ctica y elegante para c\u00e1psulas de caf\u00e9. Perfecto para oficinas, cafeter\u00edas y hosteler\u00eda.\",\"breadcrumb\":{\"@id\":\"https:\/\/nomesvending.com\/web\/tienda\/maquinas\/kit-portacapsulas\/kit-porta-capsulas-nespresso\/#breadcrumb\"},\"inLanguage\":\"es\",\"potentialAction\":[{\"@type\":\"ReadAction\",\"target\":[\"https:\/\/nomesvending.com\/web\/tienda\/maquinas\/kit-portacapsulas\/kit-porta-capsulas-nespresso\/\"]}]},{\"@type\":\"ImageObject\",\"inLanguage\":\"es\",\"@id\":\"https:\/\/nomesvending.com\/web\/tienda\/maquinas\/kit-portacapsulas\/kit-porta-capsulas-nespresso\/#primaryimage\",\"url\":\"https:\/\/nomesvending.com\/web\/wp-content\/uploads\/2026\/01\/KIT-.png\",\"contentUrl\":\"https:\/\/nomesvending.com\/web\/wp-content\/uploads\/2026\/01\/KIT-.png\",\"width\":900,\"height\":900},{\"@type\":\"BreadcrumbList\",\"@id\":\"https:\/\/nomesvending.com\/web\/tienda\/maquinas\/kit-portacapsulas\/kit-porta-capsulas-nespresso\/#breadcrumb\",\"itemListElement\":[{\"@type\":\"ListItem\",\"position\":1,\"name\":\"Portada\",\"item\":\"https:\/\/nomesvending.com\/web\/\"},{\"@type\":\"ListItem\",\"position\":2,\"name\":\"Tienda\",\"item\":\"https:\/\/nomesvending.com\/web\/tienda\/\"},{\"@type\":\"ListItem\",\"position\":3,\"name\":\"Kit Porta C\u00e1psulas NESPRESSO\"}]},{\"@type\":\"WebSite\",\"@id\":\"https:\/\/nomesvending.com\/web\/#website\",\"url\":\"https:\/\/nomesvending.com\/web\/\",\"name\":\"Nom\u00e9sVending\",\"description\":\"M\u00e1quinas, filtros, recambios, monederos, consumibles y todo lo que necesitas para el mundo del vending. Calidad y tecnolog\u00eda para tu negocio. \u00a1Descubre nuestras soluciones!\",\"publisher\":{\"@id\":\"https:\/\/nomesvending.com\/web\/#organization\"},\"potentialAction\":[{\"@type\":\"SearchAction\",\"target\":{\"@type\":\"EntryPoint\",\"urlTemplate\":\"https:\/\/nomesvending.com\/web\/?s={search_term_string}\"},\"query-input\":{\"@type\":\"PropertyValueSpecification\",\"valueRequired\":true,\"valueName\":\"search_term_string\"}}],\"inLanguage\":\"es\"},{\"@type\":\"Organization\",\"@id\":\"https:\/\/nomesvending.com\/web\/#organization\",\"name\":\"Nom\u00e9sVending\",\"url\":\"https:\/\/nomesvending.com\/web\/\",\"logo\":{\"@type\":\"ImageObject\",\"inLanguage\":\"es\",\"@id\":\"https:\/\/nomesvending.com\/web\/#\/schema\/logo\/image\/\",\"url\":\"https:\/\/nomesvending.com\/web\/wp-content\/uploads\/2026\/03\/Red-and-White-Modern-Vending-Machine-Services-Instagram-Post.png\",\"contentUrl\":\"https:\/\/nomesvending.com\/web\/wp-content\/uploads\/2026\/03\/Red-and-White-Modern-Vending-Machine-Services-Instagram-Post.png\",\"width\":1080,\"height\":1080,\"caption\":\"Nom\u00e9sVending\"},\"image\":{\"@id\":\"https:\/\/nomesvending.com\/web\/#\/schema\/logo\/image\/\"},\"sameAs\":[\"https:\/\/www.facebook.com\/NomesVending\/\",\"https:\/\/www.instagram.com\/nomesvending\/\"]}]}<\/script>\n<!-- \/ Yoast SEO plugin. -->","yoast_head_json":{"title":"Kit Porta C\u00e1psulas NESPRESSO - Nomesvending","description":"Kit Porta C\u00e1psulas NESPRESSO: organizaci\u00f3n pr\u00e1ctica y elegante para c\u00e1psulas de caf\u00e9. Perfecto para oficinas, cafeter\u00edas y hosteler\u00eda.","robots":{"index":"index","follow":"follow","max-snippet":"max-snippet:-1","max-image-preview":"max-image-preview:large","max-video-preview":"max-video-preview:-1"},"canonical":"https:\/\/nomesvending.com\/web\/tienda\/maquinas\/kit-portacapsulas\/kit-porta-capsulas-nespresso\/","og_locale":"es_ES","og_type":"article","og_title":"Kit Porta C\u00e1psulas NESPRESSO - Nomesvending","og_description":"Kit Porta C\u00e1psulas NESPRESSO: organizaci\u00f3n pr\u00e1ctica y elegante para c\u00e1psulas de caf\u00e9. Perfecto para oficinas, cafeter\u00edas y hosteler\u00eda.","og_url":"https:\/\/nomesvending.com\/web\/tienda\/maquinas\/kit-portacapsulas\/kit-porta-capsulas-nespresso\/","og_site_name":"Nomesvending","article_publisher":"https:\/\/www.facebook.com\/NomesVending\/","article_modified_time":"2026-01-09T12:59:36+00:00","og_image":[{"width":900,"height":900,"url":"https:\/\/nomesvending.com\/web\/wp-content\/uploads\/2026\/01\/KIT-.png","type":"image\/png"}],"twitter_card":"summary_large_image","twitter_misc":{"Tiempo de lectura":"1 minuto"},"schema":{"@context":"https:\/\/schema.org","@graph":[{"@type":"WebPage","@id":"https:\/\/nomesvending.com\/web\/tienda\/maquinas\/kit-portacapsulas\/kit-porta-capsulas-nespresso\/","url":"https:\/\/nomesvending.com\/web\/tienda\/maquinas\/kit-portacapsulas\/kit-porta-capsulas-nespresso\/","name":"Kit Porta C\u00e1psulas NESPRESSO - Nomesvending","isPartOf":{"@id":"https:\/\/nomesvending.com\/web\/#website"},"primaryImageOfPage":{"@id":"https:\/\/nomesvending.com\/web\/tienda\/maquinas\/kit-portacapsulas\/kit-porta-capsulas-nespresso\/#primaryimage"},"image":{"@id":"https:\/\/nomesvending.com\/web\/tienda\/maquinas\/kit-portacapsulas\/kit-porta-capsulas-nespresso\/#primaryimage"},"thumbnailUrl":"https:\/\/nomesvending.com\/web\/wp-content\/uploads\/2026\/01\/KIT-.png","datePublished":"2026-01-09T12:55:32+00:00","dateModified":"2026-01-09T12:59:36+00:00","description":"Kit Porta C\u00e1psulas NESPRESSO: organizaci\u00f3n pr\u00e1ctica y elegante para c\u00e1psulas de caf\u00e9. Perfecto para oficinas, cafeter\u00edas y hosteler\u00eda.","breadcrumb":{"@id":"https:\/\/nomesvending.com\/web\/tienda\/maquinas\/kit-portacapsulas\/kit-porta-capsulas-nespresso\/#breadcrumb"},"inLanguage":"es","potentialAction":[{"@type":"ReadAction","target":["https:\/\/nomesvending.com\/web\/tienda\/maquinas\/kit-portacapsulas\/kit-porta-capsulas-nespresso\/"]}]},{"@type":"ImageObject","inLanguage":"es","@id":"https:\/\/nomesvending.com\/web\/tienda\/maquinas\/kit-portacapsulas\/kit-porta-capsulas-nespresso\/#primaryimage","url":"https:\/\/nomesvending.com\/web\/wp-content\/uploads\/2026\/01\/KIT-.png","contentUrl":"https:\/\/nomesvending.com\/web\/wp-content\/uploads\/2026\/01\/KIT-.png","width":900,"height":900},{"@type":"BreadcrumbList","@id":"https:\/\/nomesvending.com\/web\/tienda\/maquinas\/kit-portacapsulas\/kit-porta-capsulas-nespresso\/#breadcrumb","itemListElement":[{"@type":"ListItem","position":1,"name":"Portada","item":"https:\/\/nomesvending.com\/web\/"},{"@type":"ListItem","position":2,"name":"Tienda","item":"https:\/\/nomesvending.com\/web\/tienda\/"},{"@type":"ListItem","position":3,"name":"Kit Porta C\u00e1psulas NESPRESSO"}]},{"@type":"WebSite","@id":"https:\/\/nomesvending.com\/web\/#website","url":"https:\/\/nomesvending.com\/web\/","name":"Nom\u00e9sVending","description":"M\u00e1quinas, filtros, recambios, monederos, consumibles y todo lo que necesitas para el mundo del vending. Calidad y tecnolog\u00eda para tu negocio. \u00a1Descubre nuestras soluciones!","publisher":{"@id":"https:\/\/nomesvending.com\/web\/#organization"},"potentialAction":[{"@type":"SearchAction","target":{"@type":"EntryPoint","urlTemplate":"https:\/\/nomesvending.com\/web\/?s={search_term_string}"},"query-input":{"@type":"PropertyValueSpecification","valueRequired":true,"valueName":"search_term_string"}}],"inLanguage":"es"},{"@type":"Organization","@id":"https:\/\/nomesvending.com\/web\/#organization","name":"Nom\u00e9sVending","url":"https:\/\/nomesvending.com\/web\/","logo":{"@type":"ImageObject","inLanguage":"es","@id":"https:\/\/nomesvending.com\/web\/#\/schema\/logo\/image\/","url":"https:\/\/nomesvending.com\/web\/wp-content\/uploads\/2026\/03\/Red-and-White-Modern-Vending-Machine-Services-Instagram-Post.png","contentUrl":"https:\/\/nomesvending.com\/web\/wp-content\/uploads\/2026\/03\/Red-and-White-Modern-Vending-Machine-Services-Instagram-Post.png","width":1080,"height":1080,"caption":"Nom\u00e9sVending"},"image":{"@id":"https:\/\/nomesvending.com\/web\/#\/schema\/logo\/image\/"},"sameAs":["https:\/\/www.facebook.com\/NomesVending\/","https:\/\/www.instagram.com\/nomesvending\/"]}]}},"_links":{"self":[{"href":"https:\/\/nomesvending.com\/web\/wp-json\/wp\/v2\/product\/27070","targetHints":{"allow":["GET"]}}],"collection":[{"href":"https:\/\/nomesvending.com\/web\/wp-json\/wp\/v2\/product"}],"about":[{"href":"https:\/\/nomesvending.com\/web\/wp-json\/wp\/v2\/types\/product"}],"replies":[{"embeddable":true,"href":"https:\/\/nomesvending.com\/web\/wp-json\/wp\/v2\/comments?post=27070"}],"wp:featuredmedia":[{"embeddable":true,"href":"https:\/\/nomesvending.com\/web\/wp-json\/wp\/v2\/media\/26985"}],"wp:attachment":[{"href":"https:\/\/nomesvending.com\/web\/wp-json\/wp\/v2\/media?parent=27070"}],"wp:term":[{"taxonomy":"product_brand","embeddable":true,"href":"https:\/\/nomesvending.com\/web\/wp-json\/wp\/v2\/product_brand?post=27070"},{"taxonomy":"product_cat","embeddable":true,"href":"https:\/\/nomesvending.com\/web\/wp-json\/wp\/v2\/product_cat?post=27070"},{"taxonomy":"product_tag","embeddable":true,"href":"https:\/\/nomesvending.com\/web\/wp-json\/wp\/v2\/product_tag?post=27070"}],"curies":[{"name":"wp","href":"https:\/\/api.w.org\/{rel}","templated":true}]}}