{"id":27071,"date":"2026-01-09T12:58:35","date_gmt":"2026-01-09T12:58:35","guid":{"rendered":"https:\/\/nomesvending.com\/web\/?post_type=product&#038;p=27071"},"modified":"2026-01-09T12:59:28","modified_gmt":"2026-01-09T12:59:28","slug":"kit-porta-capsulas-lavazza-blue-bi","status":"publish","type":"product","link":"https:\/\/nomesvending.com\/web\/tienda\/maquinas\/kit-portacapsulas\/kit-porta-capsulas-lavazza-blue-bi\/","title":{"rendered":"Kit Porta C\u00e1psulas LAVAZZA BLUE BI"},"content":{"rendered":"<p data-start=\"154\" data-end=\"491\">El <strong data-start=\"157\" data-end=\"195\">Kit Porta C\u00e1psulas LAVAZZA BLUE BI<\/strong> es la soluci\u00f3n perfecta para mantener las c\u00e1psulas <strong data-start=\"247\" data-end=\"300\">ordenadas, accesibles y correctamente presentadas<\/strong>, optimizando el servicio de caf\u00e9 en entornos profesionales. Dise\u00f1ado espec\u00edficamente para el sistema <strong data-start=\"402\" data-end=\"421\">Lavazza Blue BI<\/strong>, garantiza un ajuste preciso y una extracci\u00f3n c\u00f3moda de cada c\u00e1psula.<\/p>\n<p data-start=\"493\" data-end=\"854\">Ideal para <strong data-start=\"504\" data-end=\"584\">oficinas, zonas de autoservicio, cafeter\u00edas y establecimientos de hosteler\u00eda<\/strong>, este kit facilita la organizaci\u00f3n de diferentes variedades de caf\u00e9, mejorando la experiencia del usuario y reduciendo los tiempos de servicio. Su dise\u00f1o funcional permite aprovechar el espacio de forma eficiente, manteniendo las c\u00e1psulas siempre visibles y al alcance.<\/p>\n<p data-start=\"856\" data-end=\"1052\">Fabricado con materiales resistentes y duraderos, el <strong data-start=\"909\" data-end=\"947\">Kit Porta C\u00e1psulas LAVAZZA BLUE BI<\/strong> combina <strong data-start=\"956\" data-end=\"992\">robustez, estabilidad y est\u00e9tica<\/strong>, aportando un toque profesional y ordenado al \u00e1rea de caf\u00e9.<\/p>\n","protected":false},"excerpt":{"rendered":"<p data-start=\"1085\" data-end=\"1215\">Kit Porta C\u00e1psulas LAVAZZA BLUE BI para organizar c\u00e1psulas de caf\u00e9 de forma pr\u00e1ctica y elegante. Ideal para oficinas y hosteler\u00eda.<\/p>\n","protected":false},"featured_media":26985,"comment_status":"open","ping_status":"closed","template":"","meta":[],"product_brand":[],"product_cat":[274,151],"product_tag":[],"class_list":{"0":"post-27071","1":"product","2":"type-product","3":"status-publish","4":"has-post-thumbnail","6":"product_cat-kit-portacapsulas","7":"product_cat-maquinas","9":"first","10":"instock","11":"taxable","12":"shipping-taxable","13":"purchasable","14":"product-type-simple"},"yoast_head":"<!-- This site is optimized with the Yoast SEO plugin v27.0 - https:\/\/yoast.com\/product\/yoast-seo-wordpress\/ -->\n<title>Kit Porta C\u00e1psulas LAVAZZA BLUE BI - Nomesvending<\/title>\n<meta name=\"description\" content=\"Kit Porta C\u00e1psulas LAVAZZA BLUE BI: organizaci\u00f3n pr\u00e1ctica y elegante para c\u00e1psulas de caf\u00e9. Perfecto para oficinas y hosteler\u00eda.\" \/>\n<meta name=\"robots\" content=\"index, follow, max-snippet:-1, max-image-preview:large, max-video-preview:-1\" \/>\n<link rel=\"canonical\" href=\"https:\/\/nomesvending.com\/web\/tienda\/maquinas\/kit-portacapsulas\/kit-porta-capsulas-lavazza-blue-bi\/\" \/>\n<meta property=\"og:locale\" content=\"es_ES\" \/>\n<meta property=\"og:type\" content=\"article\" \/>\n<meta property=\"og:title\" content=\"Kit Porta C\u00e1psulas LAVAZZA BLUE BI - Nomesvending\" \/>\n<meta property=\"og:description\" content=\"Kit Porta C\u00e1psulas LAVAZZA BLUE BI: organizaci\u00f3n pr\u00e1ctica y elegante para c\u00e1psulas de caf\u00e9. Perfecto para oficinas y hosteler\u00eda.\" \/>\n<meta property=\"og:url\" content=\"https:\/\/nomesvending.com\/web\/tienda\/maquinas\/kit-portacapsulas\/kit-porta-capsulas-lavazza-blue-bi\/\" \/>\n<meta property=\"og:site_name\" content=\"Nomesvending\" \/>\n<meta property=\"article:publisher\" content=\"https:\/\/www.facebook.com\/NomesVending\/\" \/>\n<meta property=\"article:modified_time\" content=\"2026-01-09T12:59:28+00:00\" \/>\n<meta property=\"og:image\" content=\"https:\/\/nomesvending.com\/web\/wp-content\/uploads\/2026\/01\/KIT-.png\" \/>\n\t<meta property=\"og:image:width\" content=\"900\" \/>\n\t<meta property=\"og:image:height\" content=\"900\" \/>\n\t<meta property=\"og:image:type\" content=\"image\/png\" \/>\n<meta name=\"twitter:card\" content=\"summary_large_image\" \/>\n<meta name=\"twitter:label1\" content=\"Tiempo de lectura\" \/>\n\t<meta name=\"twitter:data1\" content=\"1 minuto\" \/>\n<script type=\"application\/ld+json\" class=\"yoast-schema-graph\">{\"@context\":\"https:\/\/schema.org\",\"@graph\":[{\"@type\":\"WebPage\",\"@id\":\"https:\/\/nomesvending.com\/web\/tienda\/maquinas\/kit-portacapsulas\/kit-porta-capsulas-lavazza-blue-bi\/\",\"url\":\"https:\/\/nomesvending.com\/web\/tienda\/maquinas\/kit-portacapsulas\/kit-porta-capsulas-lavazza-blue-bi\/\",\"name\":\"Kit Porta C\u00e1psulas LAVAZZA BLUE BI - Nomesvending\",\"isPartOf\":{\"@id\":\"https:\/\/nomesvending.com\/web\/#website\"},\"primaryImageOfPage\":{\"@id\":\"https:\/\/nomesvending.com\/web\/tienda\/maquinas\/kit-portacapsulas\/kit-porta-capsulas-lavazza-blue-bi\/#primaryimage\"},\"image\":{\"@id\":\"https:\/\/nomesvending.com\/web\/tienda\/maquinas\/kit-portacapsulas\/kit-porta-capsulas-lavazza-blue-bi\/#primaryimage\"},\"thumbnailUrl\":\"https:\/\/nomesvending.com\/web\/wp-content\/uploads\/2026\/01\/KIT-.png\",\"datePublished\":\"2026-01-09T12:58:35+00:00\",\"dateModified\":\"2026-01-09T12:59:28+00:00\",\"description\":\"Kit Porta C\u00e1psulas LAVAZZA BLUE BI: organizaci\u00f3n pr\u00e1ctica y elegante para c\u00e1psulas de caf\u00e9. Perfecto para oficinas y hosteler\u00eda.\",\"breadcrumb\":{\"@id\":\"https:\/\/nomesvending.com\/web\/tienda\/maquinas\/kit-portacapsulas\/kit-porta-capsulas-lavazza-blue-bi\/#breadcrumb\"},\"inLanguage\":\"es\",\"potentialAction\":[{\"@type\":\"ReadAction\",\"target\":[\"https:\/\/nomesvending.com\/web\/tienda\/maquinas\/kit-portacapsulas\/kit-porta-capsulas-lavazza-blue-bi\/\"]}]},{\"@type\":\"ImageObject\",\"inLanguage\":\"es\",\"@id\":\"https:\/\/nomesvending.com\/web\/tienda\/maquinas\/kit-portacapsulas\/kit-porta-capsulas-lavazza-blue-bi\/#primaryimage\",\"url\":\"https:\/\/nomesvending.com\/web\/wp-content\/uploads\/2026\/01\/KIT-.png\",\"contentUrl\":\"https:\/\/nomesvending.com\/web\/wp-content\/uploads\/2026\/01\/KIT-.png\",\"width\":900,\"height\":900},{\"@type\":\"BreadcrumbList\",\"@id\":\"https:\/\/nomesvending.com\/web\/tienda\/maquinas\/kit-portacapsulas\/kit-porta-capsulas-lavazza-blue-bi\/#breadcrumb\",\"itemListElement\":[{\"@type\":\"ListItem\",\"position\":1,\"name\":\"Portada\",\"item\":\"https:\/\/nomesvending.com\/web\/\"},{\"@type\":\"ListItem\",\"position\":2,\"name\":\"Tienda\",\"item\":\"https:\/\/nomesvending.com\/web\/tienda\/\"},{\"@type\":\"ListItem\",\"position\":3,\"name\":\"Kit Porta C\u00e1psulas LAVAZZA BLUE BI\"}]},{\"@type\":\"WebSite\",\"@id\":\"https:\/\/nomesvending.com\/web\/#website\",\"url\":\"https:\/\/nomesvending.com\/web\/\",\"name\":\"Nom\u00e9sVending\",\"description\":\"M\u00e1quinas, filtros, recambios, monederos, consumibles y todo lo que necesitas para el mundo del vending. Calidad y tecnolog\u00eda para tu negocio. \u00a1Descubre nuestras soluciones!\",\"publisher\":{\"@id\":\"https:\/\/nomesvending.com\/web\/#organization\"},\"potentialAction\":[{\"@type\":\"SearchAction\",\"target\":{\"@type\":\"EntryPoint\",\"urlTemplate\":\"https:\/\/nomesvending.com\/web\/?s={search_term_string}\"},\"query-input\":{\"@type\":\"PropertyValueSpecification\",\"valueRequired\":true,\"valueName\":\"search_term_string\"}}],\"inLanguage\":\"es\"},{\"@type\":\"Organization\",\"@id\":\"https:\/\/nomesvending.com\/web\/#organization\",\"name\":\"Nom\u00e9sVending\",\"url\":\"https:\/\/nomesvending.com\/web\/\",\"logo\":{\"@type\":\"ImageObject\",\"inLanguage\":\"es\",\"@id\":\"https:\/\/nomesvending.com\/web\/#\/schema\/logo\/image\/\",\"url\":\"https:\/\/nomesvending.com\/web\/wp-content\/uploads\/2026\/03\/Red-and-White-Modern-Vending-Machine-Services-Instagram-Post.png\",\"contentUrl\":\"https:\/\/nomesvending.com\/web\/wp-content\/uploads\/2026\/03\/Red-and-White-Modern-Vending-Machine-Services-Instagram-Post.png\",\"width\":1080,\"height\":1080,\"caption\":\"Nom\u00e9sVending\"},\"image\":{\"@id\":\"https:\/\/nomesvending.com\/web\/#\/schema\/logo\/image\/\"},\"sameAs\":[\"https:\/\/www.facebook.com\/NomesVending\/\",\"https:\/\/www.instagram.com\/nomesvending\/\"]}]}<\/script>\n<!-- \/ Yoast SEO plugin. -->","yoast_head_json":{"title":"Kit Porta C\u00e1psulas LAVAZZA BLUE BI - Nomesvending","description":"Kit Porta C\u00e1psulas LAVAZZA BLUE BI: organizaci\u00f3n pr\u00e1ctica y elegante para c\u00e1psulas de caf\u00e9. Perfecto para oficinas y hosteler\u00eda.","robots":{"index":"index","follow":"follow","max-snippet":"max-snippet:-1","max-image-preview":"max-image-preview:large","max-video-preview":"max-video-preview:-1"},"canonical":"https:\/\/nomesvending.com\/web\/tienda\/maquinas\/kit-portacapsulas\/kit-porta-capsulas-lavazza-blue-bi\/","og_locale":"es_ES","og_type":"article","og_title":"Kit Porta C\u00e1psulas LAVAZZA BLUE BI - Nomesvending","og_description":"Kit Porta C\u00e1psulas LAVAZZA BLUE BI: organizaci\u00f3n pr\u00e1ctica y elegante para c\u00e1psulas de caf\u00e9. Perfecto para oficinas y hosteler\u00eda.","og_url":"https:\/\/nomesvending.com\/web\/tienda\/maquinas\/kit-portacapsulas\/kit-porta-capsulas-lavazza-blue-bi\/","og_site_name":"Nomesvending","article_publisher":"https:\/\/www.facebook.com\/NomesVending\/","article_modified_time":"2026-01-09T12:59:28+00:00","og_image":[{"width":900,"height":900,"url":"https:\/\/nomesvending.com\/web\/wp-content\/uploads\/2026\/01\/KIT-.png","type":"image\/png"}],"twitter_card":"summary_large_image","twitter_misc":{"Tiempo de lectura":"1 minuto"},"schema":{"@context":"https:\/\/schema.org","@graph":[{"@type":"WebPage","@id":"https:\/\/nomesvending.com\/web\/tienda\/maquinas\/kit-portacapsulas\/kit-porta-capsulas-lavazza-blue-bi\/","url":"https:\/\/nomesvending.com\/web\/tienda\/maquinas\/kit-portacapsulas\/kit-porta-capsulas-lavazza-blue-bi\/","name":"Kit Porta C\u00e1psulas LAVAZZA BLUE BI - Nomesvending","isPartOf":{"@id":"https:\/\/nomesvending.com\/web\/#website"},"primaryImageOfPage":{"@id":"https:\/\/nomesvending.com\/web\/tienda\/maquinas\/kit-portacapsulas\/kit-porta-capsulas-lavazza-blue-bi\/#primaryimage"},"image":{"@id":"https:\/\/nomesvending.com\/web\/tienda\/maquinas\/kit-portacapsulas\/kit-porta-capsulas-lavazza-blue-bi\/#primaryimage"},"thumbnailUrl":"https:\/\/nomesvending.com\/web\/wp-content\/uploads\/2026\/01\/KIT-.png","datePublished":"2026-01-09T12:58:35+00:00","dateModified":"2026-01-09T12:59:28+00:00","description":"Kit Porta C\u00e1psulas LAVAZZA BLUE BI: organizaci\u00f3n pr\u00e1ctica y elegante para c\u00e1psulas de caf\u00e9. Perfecto para oficinas y hosteler\u00eda.","breadcrumb":{"@id":"https:\/\/nomesvending.com\/web\/tienda\/maquinas\/kit-portacapsulas\/kit-porta-capsulas-lavazza-blue-bi\/#breadcrumb"},"inLanguage":"es","potentialAction":[{"@type":"ReadAction","target":["https:\/\/nomesvending.com\/web\/tienda\/maquinas\/kit-portacapsulas\/kit-porta-capsulas-lavazza-blue-bi\/"]}]},{"@type":"ImageObject","inLanguage":"es","@id":"https:\/\/nomesvending.com\/web\/tienda\/maquinas\/kit-portacapsulas\/kit-porta-capsulas-lavazza-blue-bi\/#primaryimage","url":"https:\/\/nomesvending.com\/web\/wp-content\/uploads\/2026\/01\/KIT-.png","contentUrl":"https:\/\/nomesvending.com\/web\/wp-content\/uploads\/2026\/01\/KIT-.png","width":900,"height":900},{"@type":"BreadcrumbList","@id":"https:\/\/nomesvending.com\/web\/tienda\/maquinas\/kit-portacapsulas\/kit-porta-capsulas-lavazza-blue-bi\/#breadcrumb","itemListElement":[{"@type":"ListItem","position":1,"name":"Portada","item":"https:\/\/nomesvending.com\/web\/"},{"@type":"ListItem","position":2,"name":"Tienda","item":"https:\/\/nomesvending.com\/web\/tienda\/"},{"@type":"ListItem","position":3,"name":"Kit Porta C\u00e1psulas LAVAZZA BLUE BI"}]},{"@type":"WebSite","@id":"https:\/\/nomesvending.com\/web\/#website","url":"https:\/\/nomesvending.com\/web\/","name":"Nom\u00e9sVending","description":"M\u00e1quinas, filtros, recambios, monederos, consumibles y todo lo que necesitas para el mundo del vending. Calidad y tecnolog\u00eda para tu negocio. \u00a1Descubre nuestras soluciones!","publisher":{"@id":"https:\/\/nomesvending.com\/web\/#organization"},"potentialAction":[{"@type":"SearchAction","target":{"@type":"EntryPoint","urlTemplate":"https:\/\/nomesvending.com\/web\/?s={search_term_string}"},"query-input":{"@type":"PropertyValueSpecification","valueRequired":true,"valueName":"search_term_string"}}],"inLanguage":"es"},{"@type":"Organization","@id":"https:\/\/nomesvending.com\/web\/#organization","name":"Nom\u00e9sVending","url":"https:\/\/nomesvending.com\/web\/","logo":{"@type":"ImageObject","inLanguage":"es","@id":"https:\/\/nomesvending.com\/web\/#\/schema\/logo\/image\/","url":"https:\/\/nomesvending.com\/web\/wp-content\/uploads\/2026\/03\/Red-and-White-Modern-Vending-Machine-Services-Instagram-Post.png","contentUrl":"https:\/\/nomesvending.com\/web\/wp-content\/uploads\/2026\/03\/Red-and-White-Modern-Vending-Machine-Services-Instagram-Post.png","width":1080,"height":1080,"caption":"Nom\u00e9sVending"},"image":{"@id":"https:\/\/nomesvending.com\/web\/#\/schema\/logo\/image\/"},"sameAs":["https:\/\/www.facebook.com\/NomesVending\/","https:\/\/www.instagram.com\/nomesvending\/"]}]}},"_links":{"self":[{"href":"https:\/\/nomesvending.com\/web\/wp-json\/wp\/v2\/product\/27071","targetHints":{"allow":["GET"]}}],"collection":[{"href":"https:\/\/nomesvending.com\/web\/wp-json\/wp\/v2\/product"}],"about":[{"href":"https:\/\/nomesvending.com\/web\/wp-json\/wp\/v2\/types\/product"}],"replies":[{"embeddable":true,"href":"https:\/\/nomesvending.com\/web\/wp-json\/wp\/v2\/comments?post=27071"}],"wp:featuredmedia":[{"embeddable":true,"href":"https:\/\/nomesvending.com\/web\/wp-json\/wp\/v2\/media\/26985"}],"wp:attachment":[{"href":"https:\/\/nomesvending.com\/web\/wp-json\/wp\/v2\/media?parent=27071"}],"wp:term":[{"taxonomy":"product_brand","embeddable":true,"href":"https:\/\/nomesvending.com\/web\/wp-json\/wp\/v2\/product_brand?post=27071"},{"taxonomy":"product_cat","embeddable":true,"href":"https:\/\/nomesvending.com\/web\/wp-json\/wp\/v2\/product_cat?post=27071"},{"taxonomy":"product_tag","embeddable":true,"href":"https:\/\/nomesvending.com\/web\/wp-json\/wp\/v2\/product_tag?post=27071"}],"curies":[{"name":"wp","href":"https:\/\/api.w.org\/{rel}","templated":true}]}}