{"id":27105,"date":"2026-01-14T10:03:52","date_gmt":"2026-01-14T10:03:52","guid":{"rendered":"https:\/\/nomesvending.com\/web\/?post_type=product&#038;p=27105"},"modified":"2026-01-14T10:03:53","modified_gmt":"2026-01-14T10:03:53","slug":"2fc-ps-system","status":"publish","type":"product","link":"https:\/\/nomesvending.com\/web\/tienda\/instalaciones-de-agua\/filtros-para-agua\/2fc-ps-system\/","title":{"rendered":"2FC- PS System"},"content":{"rendered":"<p data-start=\"440\" data-end=\"726\">El <strong data-start=\"443\" data-end=\"484\">cartucho de filtraci\u00f3n de agua 2FC-PS<\/strong> es la soluci\u00f3n m\u00e1s avanzada para mejorar la calidad del agua en su sistema de filtraci\u00f3n. Incorpora la exclusiva <strong data-start=\"598\" data-end=\"623\">tecnolog\u00eda Fibredyne\u2122<\/strong>, dise\u00f1ada para ofrecer una reducci\u00f3n superior de contaminantes y un desempe\u00f1o confiable a largo plazo.<\/p>\n<p data-start=\"728\" data-end=\"1074\">Este cartucho reduce eficazmente <strong data-start=\"761\" data-end=\"799\">PFOA y PFOS (qu\u00edmicos permanentes)<\/strong> hasta en un 99.8%, adem\u00e1s de cloro, sabor, olor, plomo, micropl\u00e1sticos y part\u00edculas de hasta <strong data-start=\"893\" data-end=\"909\">0.5 micrones<\/strong>, proporcionando agua m\u00e1s limpia, segura y de mejor sabor. Tambi\u00e9n ayuda a disminuir quistes da\u00f1inos como <strong data-start=\"1015\" data-end=\"1044\">Cryptosporidium y Giardia<\/strong> mediante filtraci\u00f3n mec\u00e1nica.<\/p>\n<p data-start=\"1076\" data-end=\"1333\">El <strong data-start=\"1079\" data-end=\"1111\">inhibidor de sarro integrado<\/strong> minimiza la formaci\u00f3n de incrustaciones en los equipos, mejorando la eficiencia operativa y prolongando su vida \u00fatil. Su <strong data-start=\"1233\" data-end=\"1272\">dise\u00f1o de cartucho de cambio r\u00e1pido<\/strong> facilita el mantenimiento y reduce el tiempo de inactividad.<\/p>\n<p data-start=\"1335\" data-end=\"1596\">El cartucho 2FC-PS est\u00e1 <strong data-start=\"1359\" data-end=\"1412\">certificado bajo las normas NSF\/ANSI 42, 53 y 401<\/strong>, garantizando un alto nivel de seguridad y desempe\u00f1o, y ha sido dise\u00f1ado espec\u00edficamente para su uso con el <strong data-start=\"1521\" data-end=\"1537\">cabezal QL3B<\/strong>, asegurando un ajuste perfecto y un funcionamiento \u00f3ptimo.<\/p>\n<p data-start=\"1598\" data-end=\"1776\">Ideal para quienes buscan una filtraci\u00f3n avanzada, confiable y certificada, el 2FC-PS ofrece una experiencia superior en calidad de agua para el hogar o aplicaciones comerciales.<\/p>\n","protected":false},"excerpt":{"rendered":"<p>Cartucho de filtraci\u00f3n de agua 2FC-PS con tecnolog\u00eda Fibredyne\u2122 que reduce PFOA\/PFOS, cloro, plomo, micropl\u00e1sticos, sabor y olor. Incluye inhibidor de sarro integrado y dise\u00f1o de cambio r\u00e1pido para un rendimiento eficiente y duradero.<\/p>\n","protected":false},"featured_media":0,"comment_status":"open","ping_status":"closed","template":"","meta":[],"product_brand":[239],"product_cat":[128,122],"product_tag":[],"class_list":{"0":"post-27105","1":"product","2":"type-product","3":"status-publish","5":"product_brand-everpure","6":"product_cat-filtros-para-agua","7":"product_cat-instalaciones-de-agua","9":"first","10":"instock","11":"taxable","12":"shipping-taxable","13":"purchasable","14":"product-type-simple"},"yoast_head":"<!-- This site is optimized with the Yoast SEO plugin v27.0 - https:\/\/yoast.com\/product\/yoast-seo-wordpress\/ -->\n<title>2FC- PS System - Nomesvending<\/title>\n<meta name=\"description\" content=\"Cartucho de agua 2FC-PS con tecnolog\u00eda Fibredyne\u2122. Reduce PFOA\/PFOS, cloro, plomo y micropl\u00e1sticos. Con inhibidor de sarro y certificaci\u00f3n NSF.\" \/>\n<meta name=\"robots\" content=\"index, follow, max-snippet:-1, max-image-preview:large, max-video-preview:-1\" \/>\n<link rel=\"canonical\" href=\"https:\/\/nomesvending.com\/web\/tienda\/instalaciones-de-agua\/filtros-para-agua\/2fc-ps-system\/\" \/>\n<meta property=\"og:locale\" content=\"es_ES\" \/>\n<meta property=\"og:type\" content=\"article\" \/>\n<meta property=\"og:title\" content=\"2FC- PS System - Nomesvending\" \/>\n<meta property=\"og:description\" content=\"Cartucho de agua 2FC-PS con tecnolog\u00eda Fibredyne\u2122. Reduce PFOA\/PFOS, cloro, plomo y micropl\u00e1sticos. Con inhibidor de sarro y certificaci\u00f3n NSF.\" \/>\n<meta property=\"og:url\" content=\"https:\/\/nomesvending.com\/web\/tienda\/instalaciones-de-agua\/filtros-para-agua\/2fc-ps-system\/\" \/>\n<meta property=\"og:site_name\" content=\"Nomesvending\" \/>\n<meta property=\"article:publisher\" content=\"https:\/\/www.facebook.com\/NomesVending\/\" \/>\n<meta property=\"article:modified_time\" content=\"2026-01-14T10:03:53+00:00\" \/>\n<meta name=\"twitter:card\" content=\"summary_large_image\" \/>\n<meta name=\"twitter:label1\" content=\"Tiempo de lectura\" \/>\n\t<meta name=\"twitter:data1\" content=\"1 minuto\" \/>\n<script type=\"application\/ld+json\" class=\"yoast-schema-graph\">{\"@context\":\"https:\/\/schema.org\",\"@graph\":[{\"@type\":\"WebPage\",\"@id\":\"https:\/\/nomesvending.com\/web\/tienda\/instalaciones-de-agua\/filtros-para-agua\/2fc-ps-system\/\",\"url\":\"https:\/\/nomesvending.com\/web\/tienda\/instalaciones-de-agua\/filtros-para-agua\/2fc-ps-system\/\",\"name\":\"2FC- PS System - Nomesvending\",\"isPartOf\":{\"@id\":\"https:\/\/nomesvending.com\/web\/#website\"},\"datePublished\":\"2026-01-14T10:03:52+00:00\",\"dateModified\":\"2026-01-14T10:03:53+00:00\",\"description\":\"Cartucho de agua 2FC-PS con tecnolog\u00eda Fibredyne\u2122. Reduce PFOA\/PFOS, cloro, plomo y micropl\u00e1sticos. Con inhibidor de sarro y certificaci\u00f3n NSF.\",\"breadcrumb\":{\"@id\":\"https:\/\/nomesvending.com\/web\/tienda\/instalaciones-de-agua\/filtros-para-agua\/2fc-ps-system\/#breadcrumb\"},\"inLanguage\":\"es\",\"potentialAction\":[{\"@type\":\"ReadAction\",\"target\":[\"https:\/\/nomesvending.com\/web\/tienda\/instalaciones-de-agua\/filtros-para-agua\/2fc-ps-system\/\"]}]},{\"@type\":\"BreadcrumbList\",\"@id\":\"https:\/\/nomesvending.com\/web\/tienda\/instalaciones-de-agua\/filtros-para-agua\/2fc-ps-system\/#breadcrumb\",\"itemListElement\":[{\"@type\":\"ListItem\",\"position\":1,\"name\":\"Portada\",\"item\":\"https:\/\/nomesvending.com\/web\/\"},{\"@type\":\"ListItem\",\"position\":2,\"name\":\"Tienda\",\"item\":\"https:\/\/nomesvending.com\/web\/tienda\/\"},{\"@type\":\"ListItem\",\"position\":3,\"name\":\"2FC- PS System\"}]},{\"@type\":\"WebSite\",\"@id\":\"https:\/\/nomesvending.com\/web\/#website\",\"url\":\"https:\/\/nomesvending.com\/web\/\",\"name\":\"Nom\u00e9sVending\",\"description\":\"M\u00e1quinas, filtros, recambios, monederos, consumibles y todo lo que necesitas para el mundo del vending. Calidad y tecnolog\u00eda para tu negocio. \u00a1Descubre nuestras soluciones!\",\"publisher\":{\"@id\":\"https:\/\/nomesvending.com\/web\/#organization\"},\"potentialAction\":[{\"@type\":\"SearchAction\",\"target\":{\"@type\":\"EntryPoint\",\"urlTemplate\":\"https:\/\/nomesvending.com\/web\/?s={search_term_string}\"},\"query-input\":{\"@type\":\"PropertyValueSpecification\",\"valueRequired\":true,\"valueName\":\"search_term_string\"}}],\"inLanguage\":\"es\"},{\"@type\":\"Organization\",\"@id\":\"https:\/\/nomesvending.com\/web\/#organization\",\"name\":\"Nom\u00e9sVending\",\"url\":\"https:\/\/nomesvending.com\/web\/\",\"logo\":{\"@type\":\"ImageObject\",\"inLanguage\":\"es\",\"@id\":\"https:\/\/nomesvending.com\/web\/#\/schema\/logo\/image\/\",\"url\":\"https:\/\/nomesvending.com\/web\/wp-content\/uploads\/2026\/03\/Red-and-White-Modern-Vending-Machine-Services-Instagram-Post.png\",\"contentUrl\":\"https:\/\/nomesvending.com\/web\/wp-content\/uploads\/2026\/03\/Red-and-White-Modern-Vending-Machine-Services-Instagram-Post.png\",\"width\":1080,\"height\":1080,\"caption\":\"Nom\u00e9sVending\"},\"image\":{\"@id\":\"https:\/\/nomesvending.com\/web\/#\/schema\/logo\/image\/\"},\"sameAs\":[\"https:\/\/www.facebook.com\/NomesVending\/\",\"https:\/\/www.instagram.com\/nomesvending\/\"]}]}<\/script>\n<!-- \/ Yoast SEO plugin. -->","yoast_head_json":{"title":"2FC- PS System - Nomesvending","description":"Cartucho de agua 2FC-PS con tecnolog\u00eda Fibredyne\u2122. Reduce PFOA\/PFOS, cloro, plomo y micropl\u00e1sticos. Con inhibidor de sarro y certificaci\u00f3n NSF.","robots":{"index":"index","follow":"follow","max-snippet":"max-snippet:-1","max-image-preview":"max-image-preview:large","max-video-preview":"max-video-preview:-1"},"canonical":"https:\/\/nomesvending.com\/web\/tienda\/instalaciones-de-agua\/filtros-para-agua\/2fc-ps-system\/","og_locale":"es_ES","og_type":"article","og_title":"2FC- PS System - Nomesvending","og_description":"Cartucho de agua 2FC-PS con tecnolog\u00eda Fibredyne\u2122. Reduce PFOA\/PFOS, cloro, plomo y micropl\u00e1sticos. Con inhibidor de sarro y certificaci\u00f3n NSF.","og_url":"https:\/\/nomesvending.com\/web\/tienda\/instalaciones-de-agua\/filtros-para-agua\/2fc-ps-system\/","og_site_name":"Nomesvending","article_publisher":"https:\/\/www.facebook.com\/NomesVending\/","article_modified_time":"2026-01-14T10:03:53+00:00","twitter_card":"summary_large_image","twitter_misc":{"Tiempo de lectura":"1 minuto"},"schema":{"@context":"https:\/\/schema.org","@graph":[{"@type":"WebPage","@id":"https:\/\/nomesvending.com\/web\/tienda\/instalaciones-de-agua\/filtros-para-agua\/2fc-ps-system\/","url":"https:\/\/nomesvending.com\/web\/tienda\/instalaciones-de-agua\/filtros-para-agua\/2fc-ps-system\/","name":"2FC- PS System - Nomesvending","isPartOf":{"@id":"https:\/\/nomesvending.com\/web\/#website"},"datePublished":"2026-01-14T10:03:52+00:00","dateModified":"2026-01-14T10:03:53+00:00","description":"Cartucho de agua 2FC-PS con tecnolog\u00eda Fibredyne\u2122. Reduce PFOA\/PFOS, cloro, plomo y micropl\u00e1sticos. Con inhibidor de sarro y certificaci\u00f3n NSF.","breadcrumb":{"@id":"https:\/\/nomesvending.com\/web\/tienda\/instalaciones-de-agua\/filtros-para-agua\/2fc-ps-system\/#breadcrumb"},"inLanguage":"es","potentialAction":[{"@type":"ReadAction","target":["https:\/\/nomesvending.com\/web\/tienda\/instalaciones-de-agua\/filtros-para-agua\/2fc-ps-system\/"]}]},{"@type":"BreadcrumbList","@id":"https:\/\/nomesvending.com\/web\/tienda\/instalaciones-de-agua\/filtros-para-agua\/2fc-ps-system\/#breadcrumb","itemListElement":[{"@type":"ListItem","position":1,"name":"Portada","item":"https:\/\/nomesvending.com\/web\/"},{"@type":"ListItem","position":2,"name":"Tienda","item":"https:\/\/nomesvending.com\/web\/tienda\/"},{"@type":"ListItem","position":3,"name":"2FC- PS System"}]},{"@type":"WebSite","@id":"https:\/\/nomesvending.com\/web\/#website","url":"https:\/\/nomesvending.com\/web\/","name":"Nom\u00e9sVending","description":"M\u00e1quinas, filtros, recambios, monederos, consumibles y todo lo que necesitas para el mundo del vending. Calidad y tecnolog\u00eda para tu negocio. \u00a1Descubre nuestras soluciones!","publisher":{"@id":"https:\/\/nomesvending.com\/web\/#organization"},"potentialAction":[{"@type":"SearchAction","target":{"@type":"EntryPoint","urlTemplate":"https:\/\/nomesvending.com\/web\/?s={search_term_string}"},"query-input":{"@type":"PropertyValueSpecification","valueRequired":true,"valueName":"search_term_string"}}],"inLanguage":"es"},{"@type":"Organization","@id":"https:\/\/nomesvending.com\/web\/#organization","name":"Nom\u00e9sVending","url":"https:\/\/nomesvending.com\/web\/","logo":{"@type":"ImageObject","inLanguage":"es","@id":"https:\/\/nomesvending.com\/web\/#\/schema\/logo\/image\/","url":"https:\/\/nomesvending.com\/web\/wp-content\/uploads\/2026\/03\/Red-and-White-Modern-Vending-Machine-Services-Instagram-Post.png","contentUrl":"https:\/\/nomesvending.com\/web\/wp-content\/uploads\/2026\/03\/Red-and-White-Modern-Vending-Machine-Services-Instagram-Post.png","width":1080,"height":1080,"caption":"Nom\u00e9sVending"},"image":{"@id":"https:\/\/nomesvending.com\/web\/#\/schema\/logo\/image\/"},"sameAs":["https:\/\/www.facebook.com\/NomesVending\/","https:\/\/www.instagram.com\/nomesvending\/"]}]}},"_links":{"self":[{"href":"https:\/\/nomesvending.com\/web\/wp-json\/wp\/v2\/product\/27105","targetHints":{"allow":["GET"]}}],"collection":[{"href":"https:\/\/nomesvending.com\/web\/wp-json\/wp\/v2\/product"}],"about":[{"href":"https:\/\/nomesvending.com\/web\/wp-json\/wp\/v2\/types\/product"}],"replies":[{"embeddable":true,"href":"https:\/\/nomesvending.com\/web\/wp-json\/wp\/v2\/comments?post=27105"}],"wp:attachment":[{"href":"https:\/\/nomesvending.com\/web\/wp-json\/wp\/v2\/media?parent=27105"}],"wp:term":[{"taxonomy":"product_brand","embeddable":true,"href":"https:\/\/nomesvending.com\/web\/wp-json\/wp\/v2\/product_brand?post=27105"},{"taxonomy":"product_cat","embeddable":true,"href":"https:\/\/nomesvending.com\/web\/wp-json\/wp\/v2\/product_cat?post=27105"},{"taxonomy":"product_tag","embeddable":true,"href":"https:\/\/nomesvending.com\/web\/wp-json\/wp\/v2\/product_tag?post=27105"}],"curies":[{"name":"wp","href":"https:\/\/api.w.org\/{rel}","templated":true}]}}