{"id":27147,"date":"2026-01-17T12:37:35","date_gmt":"2026-01-17T12:37:35","guid":{"rendered":"https:\/\/nomesvending.com\/web\/?post_type=product&#038;p=27147"},"modified":"2026-01-20T11:42:45","modified_gmt":"2026-01-20T11:42:45","slug":"kombucha-jengibre-y-limon-20-uds-x-250mls","status":"publish","type":"product","link":"https:\/\/nomesvending.com\/web\/tienda\/productos\/consumibles\/bebidas-saludables\/kombucha-jengibre-y-limon-20-uds-x-250mls\/","title":{"rendered":"Kombucha Jengibre y Lim\u00f3n (20 UDS X 250mls)"},"content":{"rendered":"<p><a style=\"display: inline-block; background-color: #a1a895; color: #ffffff; padding: 10px 20px; border-radius: 5px; text-decoration: none; font-weight: bold; font-family: sans-serif;\" href=\"https:\/\/nomesvending.com\/web\/wp-content\/uploads\/2026\/01\/PRESENTACION-ONFLOW-LATAS-jengibre-y-limon-1.pdf-2-1.pdf\" target=\"_blank\" rel=\"noopener\">\u00a0Descarga Cat\u00e1logo<\/a><\/p>\n<p data-start=\"174\" data-end=\"494\">La Kombucha Onflow Jengibre y Lim\u00f3n es una bebida fermentada, probi\u00f3tica y revitalizante que combina el toque picante y estimulante del jengibre con la frescura c\u00edtrica del lim\u00f3n. Elaborada con t\u00e9s org\u00e1nicos y un proceso de fermentaci\u00f3n equilibrado, ofrece una experiencia ligera, burbujeante y llena de energ\u00eda natural.<\/p>\n<p data-start=\"496\" data-end=\"827\">Gracias a su contenido en probi\u00f3ticos y antioxidantes, ayuda a mejorar la digesti\u00f3n, fortalecer el sistema inmunitario y promover el bienestar general. Refrescante y baja en calor\u00edas, es la opci\u00f3n perfecta para hidratarte, despejarte y disfrutar de una alternativa saludable a los refrescos azucarados en cualquier momento del d\u00eda.<\/p>\n","protected":false},"excerpt":{"rendered":"<p data-start=\"836\" data-end=\"1007\">*VENTA POR CAJA DE 20 UNIDADES<\/p>\n<p data-start=\"836\" data-end=\"1007\">Kombucha probi\u00f3tica de jengibre y lim\u00f3n elaborada con t\u00e9s org\u00e1nicos. Refrescante, c\u00edtrica y ligeramente picante, ayuda a la digesti\u00f3n, aporta energ\u00eda natural y es baja en calor\u00edas, ideal como alternativa saludable a los refrescos tradicionales.<\/p>\n","protected":false},"featured_media":27148,"comment_status":"open","ping_status":"closed","template":"","meta":[],"product_brand":[],"product_cat":[276,99,51],"product_tag":[],"class_list":{"0":"post-27147","1":"product","2":"type-product","3":"status-publish","4":"has-post-thumbnail","6":"product_cat-bebidas-saludables","7":"product_cat-consumibles","8":"product_cat-productos","10":"first","11":"instock","12":"taxable","13":"shipping-taxable","14":"purchasable","15":"product-type-simple"},"yoast_head":"<!-- This site is optimized with the Yoast SEO plugin v27.0 - https:\/\/yoast.com\/product\/yoast-seo-wordpress\/ -->\n<title>Kombucha Jengibre y Lim\u00f3n (20 UDS X 250mls) - Nomesvending<\/title>\n<meta name=\"description\" content=\"Kombucha Onflow Jengibre y Lim\u00f3n: bebida fermentada y probi\u00f3tica con jengibre y lim\u00f3n. Refrescante, baja en calor\u00edas y perfecta para activar tu energ\u00eda y digesti\u00f3n.\" \/>\n<meta name=\"robots\" content=\"index, follow, max-snippet:-1, max-image-preview:large, max-video-preview:-1\" \/>\n<link rel=\"canonical\" href=\"https:\/\/nomesvending.com\/web\/tienda\/productos\/consumibles\/bebidas-saludables\/kombucha-jengibre-y-limon-20-uds-x-250mls\/\" \/>\n<meta property=\"og:locale\" content=\"es_ES\" \/>\n<meta property=\"og:type\" content=\"article\" \/>\n<meta property=\"og:title\" content=\"Kombucha Jengibre y Lim\u00f3n (20 UDS X 250mls) - Nomesvending\" \/>\n<meta property=\"og:description\" content=\"Kombucha Onflow Jengibre y Lim\u00f3n: bebida fermentada y probi\u00f3tica con jengibre y lim\u00f3n. Refrescante, baja en calor\u00edas y perfecta para activar tu energ\u00eda y digesti\u00f3n.\" \/>\n<meta property=\"og:url\" content=\"https:\/\/nomesvending.com\/web\/tienda\/productos\/consumibles\/bebidas-saludables\/kombucha-jengibre-y-limon-20-uds-x-250mls\/\" \/>\n<meta property=\"og:site_name\" content=\"Nomesvending\" \/>\n<meta property=\"article:publisher\" content=\"https:\/\/www.facebook.com\/NomesVending\/\" \/>\n<meta property=\"article:modified_time\" content=\"2026-01-20T11:42:45+00:00\" \/>\n<meta property=\"og:image\" content=\"https:\/\/nomesvending.com\/web\/wp-content\/uploads\/2026\/01\/Productos-Consumibles-Nomesvending-4.jpg\" \/>\n\t<meta property=\"og:image:width\" content=\"500\" \/>\n\t<meta property=\"og:image:height\" content=\"500\" \/>\n\t<meta property=\"og:image:type\" content=\"image\/jpeg\" \/>\n<meta name=\"twitter:card\" content=\"summary_large_image\" \/>\n<meta name=\"twitter:label1\" content=\"Tiempo de lectura\" \/>\n\t<meta name=\"twitter:data1\" content=\"1 minuto\" \/>\n<script type=\"application\/ld+json\" class=\"yoast-schema-graph\">{\"@context\":\"https:\/\/schema.org\",\"@graph\":[{\"@type\":\"WebPage\",\"@id\":\"https:\/\/nomesvending.com\/web\/tienda\/productos\/consumibles\/bebidas-saludables\/kombucha-jengibre-y-limon-20-uds-x-250mls\/\",\"url\":\"https:\/\/nomesvending.com\/web\/tienda\/productos\/consumibles\/bebidas-saludables\/kombucha-jengibre-y-limon-20-uds-x-250mls\/\",\"name\":\"Kombucha Jengibre y Lim\u00f3n (20 UDS X 250mls) - Nomesvending\",\"isPartOf\":{\"@id\":\"https:\/\/nomesvending.com\/web\/#website\"},\"primaryImageOfPage\":{\"@id\":\"https:\/\/nomesvending.com\/web\/tienda\/productos\/consumibles\/bebidas-saludables\/kombucha-jengibre-y-limon-20-uds-x-250mls\/#primaryimage\"},\"image\":{\"@id\":\"https:\/\/nomesvending.com\/web\/tienda\/productos\/consumibles\/bebidas-saludables\/kombucha-jengibre-y-limon-20-uds-x-250mls\/#primaryimage\"},\"thumbnailUrl\":\"https:\/\/nomesvending.com\/web\/wp-content\/uploads\/2026\/01\/Productos-Consumibles-Nomesvending-4.jpg\",\"datePublished\":\"2026-01-17T12:37:35+00:00\",\"dateModified\":\"2026-01-20T11:42:45+00:00\",\"description\":\"Kombucha Onflow Jengibre y Lim\u00f3n: bebida fermentada y probi\u00f3tica con jengibre y lim\u00f3n. Refrescante, baja en calor\u00edas y perfecta para activar tu energ\u00eda y digesti\u00f3n.\",\"breadcrumb\":{\"@id\":\"https:\/\/nomesvending.com\/web\/tienda\/productos\/consumibles\/bebidas-saludables\/kombucha-jengibre-y-limon-20-uds-x-250mls\/#breadcrumb\"},\"inLanguage\":\"es\",\"potentialAction\":[{\"@type\":\"ReadAction\",\"target\":[\"https:\/\/nomesvending.com\/web\/tienda\/productos\/consumibles\/bebidas-saludables\/kombucha-jengibre-y-limon-20-uds-x-250mls\/\"]}]},{\"@type\":\"ImageObject\",\"inLanguage\":\"es\",\"@id\":\"https:\/\/nomesvending.com\/web\/tienda\/productos\/consumibles\/bebidas-saludables\/kombucha-jengibre-y-limon-20-uds-x-250mls\/#primaryimage\",\"url\":\"https:\/\/nomesvending.com\/web\/wp-content\/uploads\/2026\/01\/Productos-Consumibles-Nomesvending-4.jpg\",\"contentUrl\":\"https:\/\/nomesvending.com\/web\/wp-content\/uploads\/2026\/01\/Productos-Consumibles-Nomesvending-4.jpg\",\"width\":500,\"height\":500},{\"@type\":\"BreadcrumbList\",\"@id\":\"https:\/\/nomesvending.com\/web\/tienda\/productos\/consumibles\/bebidas-saludables\/kombucha-jengibre-y-limon-20-uds-x-250mls\/#breadcrumb\",\"itemListElement\":[{\"@type\":\"ListItem\",\"position\":1,\"name\":\"Portada\",\"item\":\"https:\/\/nomesvending.com\/web\/\"},{\"@type\":\"ListItem\",\"position\":2,\"name\":\"Tienda\",\"item\":\"https:\/\/nomesvending.com\/web\/tienda\/\"},{\"@type\":\"ListItem\",\"position\":3,\"name\":\"Kombucha Jengibre y Lim\u00f3n (20 UDS X 250mls)\"}]},{\"@type\":\"WebSite\",\"@id\":\"https:\/\/nomesvending.com\/web\/#website\",\"url\":\"https:\/\/nomesvending.com\/web\/\",\"name\":\"Nom\u00e9sVending\",\"description\":\"M\u00e1quinas, filtros, recambios, monederos, consumibles y todo lo que necesitas para el mundo del vending. Calidad y tecnolog\u00eda para tu negocio. \u00a1Descubre nuestras soluciones!\",\"publisher\":{\"@id\":\"https:\/\/nomesvending.com\/web\/#organization\"},\"potentialAction\":[{\"@type\":\"SearchAction\",\"target\":{\"@type\":\"EntryPoint\",\"urlTemplate\":\"https:\/\/nomesvending.com\/web\/?s={search_term_string}\"},\"query-input\":{\"@type\":\"PropertyValueSpecification\",\"valueRequired\":true,\"valueName\":\"search_term_string\"}}],\"inLanguage\":\"es\"},{\"@type\":\"Organization\",\"@id\":\"https:\/\/nomesvending.com\/web\/#organization\",\"name\":\"Nom\u00e9sVending\",\"url\":\"https:\/\/nomesvending.com\/web\/\",\"logo\":{\"@type\":\"ImageObject\",\"inLanguage\":\"es\",\"@id\":\"https:\/\/nomesvending.com\/web\/#\/schema\/logo\/image\/\",\"url\":\"https:\/\/nomesvending.com\/web\/wp-content\/uploads\/2026\/03\/Red-and-White-Modern-Vending-Machine-Services-Instagram-Post.png\",\"contentUrl\":\"https:\/\/nomesvending.com\/web\/wp-content\/uploads\/2026\/03\/Red-and-White-Modern-Vending-Machine-Services-Instagram-Post.png\",\"width\":1080,\"height\":1080,\"caption\":\"Nom\u00e9sVending\"},\"image\":{\"@id\":\"https:\/\/nomesvending.com\/web\/#\/schema\/logo\/image\/\"},\"sameAs\":[\"https:\/\/www.facebook.com\/NomesVending\/\",\"https:\/\/www.instagram.com\/nomesvending\/\"]}]}<\/script>\n<!-- \/ Yoast SEO plugin. -->","yoast_head_json":{"title":"Kombucha Jengibre y Lim\u00f3n (20 UDS X 250mls) - Nomesvending","description":"Kombucha Onflow Jengibre y Lim\u00f3n: bebida fermentada y probi\u00f3tica con jengibre y lim\u00f3n. Refrescante, baja en calor\u00edas y perfecta para activar tu energ\u00eda y digesti\u00f3n.","robots":{"index":"index","follow":"follow","max-snippet":"max-snippet:-1","max-image-preview":"max-image-preview:large","max-video-preview":"max-video-preview:-1"},"canonical":"https:\/\/nomesvending.com\/web\/tienda\/productos\/consumibles\/bebidas-saludables\/kombucha-jengibre-y-limon-20-uds-x-250mls\/","og_locale":"es_ES","og_type":"article","og_title":"Kombucha Jengibre y Lim\u00f3n (20 UDS X 250mls) - Nomesvending","og_description":"Kombucha Onflow Jengibre y Lim\u00f3n: bebida fermentada y probi\u00f3tica con jengibre y lim\u00f3n. Refrescante, baja en calor\u00edas y perfecta para activar tu energ\u00eda y digesti\u00f3n.","og_url":"https:\/\/nomesvending.com\/web\/tienda\/productos\/consumibles\/bebidas-saludables\/kombucha-jengibre-y-limon-20-uds-x-250mls\/","og_site_name":"Nomesvending","article_publisher":"https:\/\/www.facebook.com\/NomesVending\/","article_modified_time":"2026-01-20T11:42:45+00:00","og_image":[{"width":500,"height":500,"url":"https:\/\/nomesvending.com\/web\/wp-content\/uploads\/2026\/01\/Productos-Consumibles-Nomesvending-4.jpg","type":"image\/jpeg"}],"twitter_card":"summary_large_image","twitter_misc":{"Tiempo de lectura":"1 minuto"},"schema":{"@context":"https:\/\/schema.org","@graph":[{"@type":"WebPage","@id":"https:\/\/nomesvending.com\/web\/tienda\/productos\/consumibles\/bebidas-saludables\/kombucha-jengibre-y-limon-20-uds-x-250mls\/","url":"https:\/\/nomesvending.com\/web\/tienda\/productos\/consumibles\/bebidas-saludables\/kombucha-jengibre-y-limon-20-uds-x-250mls\/","name":"Kombucha Jengibre y Lim\u00f3n (20 UDS X 250mls) - Nomesvending","isPartOf":{"@id":"https:\/\/nomesvending.com\/web\/#website"},"primaryImageOfPage":{"@id":"https:\/\/nomesvending.com\/web\/tienda\/productos\/consumibles\/bebidas-saludables\/kombucha-jengibre-y-limon-20-uds-x-250mls\/#primaryimage"},"image":{"@id":"https:\/\/nomesvending.com\/web\/tienda\/productos\/consumibles\/bebidas-saludables\/kombucha-jengibre-y-limon-20-uds-x-250mls\/#primaryimage"},"thumbnailUrl":"https:\/\/nomesvending.com\/web\/wp-content\/uploads\/2026\/01\/Productos-Consumibles-Nomesvending-4.jpg","datePublished":"2026-01-17T12:37:35+00:00","dateModified":"2026-01-20T11:42:45+00:00","description":"Kombucha Onflow Jengibre y Lim\u00f3n: bebida fermentada y probi\u00f3tica con jengibre y lim\u00f3n. Refrescante, baja en calor\u00edas y perfecta para activar tu energ\u00eda y digesti\u00f3n.","breadcrumb":{"@id":"https:\/\/nomesvending.com\/web\/tienda\/productos\/consumibles\/bebidas-saludables\/kombucha-jengibre-y-limon-20-uds-x-250mls\/#breadcrumb"},"inLanguage":"es","potentialAction":[{"@type":"ReadAction","target":["https:\/\/nomesvending.com\/web\/tienda\/productos\/consumibles\/bebidas-saludables\/kombucha-jengibre-y-limon-20-uds-x-250mls\/"]}]},{"@type":"ImageObject","inLanguage":"es","@id":"https:\/\/nomesvending.com\/web\/tienda\/productos\/consumibles\/bebidas-saludables\/kombucha-jengibre-y-limon-20-uds-x-250mls\/#primaryimage","url":"https:\/\/nomesvending.com\/web\/wp-content\/uploads\/2026\/01\/Productos-Consumibles-Nomesvending-4.jpg","contentUrl":"https:\/\/nomesvending.com\/web\/wp-content\/uploads\/2026\/01\/Productos-Consumibles-Nomesvending-4.jpg","width":500,"height":500},{"@type":"BreadcrumbList","@id":"https:\/\/nomesvending.com\/web\/tienda\/productos\/consumibles\/bebidas-saludables\/kombucha-jengibre-y-limon-20-uds-x-250mls\/#breadcrumb","itemListElement":[{"@type":"ListItem","position":1,"name":"Portada","item":"https:\/\/nomesvending.com\/web\/"},{"@type":"ListItem","position":2,"name":"Tienda","item":"https:\/\/nomesvending.com\/web\/tienda\/"},{"@type":"ListItem","position":3,"name":"Kombucha Jengibre y Lim\u00f3n (20 UDS X 250mls)"}]},{"@type":"WebSite","@id":"https:\/\/nomesvending.com\/web\/#website","url":"https:\/\/nomesvending.com\/web\/","name":"Nom\u00e9sVending","description":"M\u00e1quinas, filtros, recambios, monederos, consumibles y todo lo que necesitas para el mundo del vending. Calidad y tecnolog\u00eda para tu negocio. \u00a1Descubre nuestras soluciones!","publisher":{"@id":"https:\/\/nomesvending.com\/web\/#organization"},"potentialAction":[{"@type":"SearchAction","target":{"@type":"EntryPoint","urlTemplate":"https:\/\/nomesvending.com\/web\/?s={search_term_string}"},"query-input":{"@type":"PropertyValueSpecification","valueRequired":true,"valueName":"search_term_string"}}],"inLanguage":"es"},{"@type":"Organization","@id":"https:\/\/nomesvending.com\/web\/#organization","name":"Nom\u00e9sVending","url":"https:\/\/nomesvending.com\/web\/","logo":{"@type":"ImageObject","inLanguage":"es","@id":"https:\/\/nomesvending.com\/web\/#\/schema\/logo\/image\/","url":"https:\/\/nomesvending.com\/web\/wp-content\/uploads\/2026\/03\/Red-and-White-Modern-Vending-Machine-Services-Instagram-Post.png","contentUrl":"https:\/\/nomesvending.com\/web\/wp-content\/uploads\/2026\/03\/Red-and-White-Modern-Vending-Machine-Services-Instagram-Post.png","width":1080,"height":1080,"caption":"Nom\u00e9sVending"},"image":{"@id":"https:\/\/nomesvending.com\/web\/#\/schema\/logo\/image\/"},"sameAs":["https:\/\/www.facebook.com\/NomesVending\/","https:\/\/www.instagram.com\/nomesvending\/"]}]}},"_links":{"self":[{"href":"https:\/\/nomesvending.com\/web\/wp-json\/wp\/v2\/product\/27147","targetHints":{"allow":["GET"]}}],"collection":[{"href":"https:\/\/nomesvending.com\/web\/wp-json\/wp\/v2\/product"}],"about":[{"href":"https:\/\/nomesvending.com\/web\/wp-json\/wp\/v2\/types\/product"}],"replies":[{"embeddable":true,"href":"https:\/\/nomesvending.com\/web\/wp-json\/wp\/v2\/comments?post=27147"}],"wp:featuredmedia":[{"embeddable":true,"href":"https:\/\/nomesvending.com\/web\/wp-json\/wp\/v2\/media\/27148"}],"wp:attachment":[{"href":"https:\/\/nomesvending.com\/web\/wp-json\/wp\/v2\/media?parent=27147"}],"wp:term":[{"taxonomy":"product_brand","embeddable":true,"href":"https:\/\/nomesvending.com\/web\/wp-json\/wp\/v2\/product_brand?post=27147"},{"taxonomy":"product_cat","embeddable":true,"href":"https:\/\/nomesvending.com\/web\/wp-json\/wp\/v2\/product_cat?post=27147"},{"taxonomy":"product_tag","embeddable":true,"href":"https:\/\/nomesvending.com\/web\/wp-json\/wp\/v2\/product_tag?post=27147"}],"curies":[{"name":"wp","href":"https:\/\/api.w.org\/{rel}","templated":true}]}}