{"id":27180,"date":"2026-01-19T09:33:51","date_gmt":"2026-01-19T09:33:51","guid":{"rendered":"https:\/\/nomesvending.com\/web\/?post_type=product&#038;p=27180"},"modified":"2026-03-11T19:01:12","modified_gmt":"2026-03-11T19:01:12","slug":"telamrk-nt","status":"publish","type":"product","link":"https:\/\/nomesvending.com\/web\/tienda\/sistemas-de-pago\/telamrk-nt\/","title":{"rendered":"TELAMRK NT"},"content":{"rendered":"<p><a style=\"display: inline-block; background-color: #a1a895; color: #ffffff; padding: 10px 20px; border-radius: 5px; text-decoration: none; font-weight: bold; font-family: sans-serif;\" href=\"https:\/\/nomesvending.com\/web\/wp-content\/uploads\/2026\/01\/Presentacion-Telmarkt-NT-1-1.pdf-1.pdf\" target=\"_blank\" rel=\"noopener\"> Descarga Cat\u00e1logo<\/a><\/p>\n<p data-start=\"0\" data-end=\"210\"><strong data-start=\"0\" data-end=\"15\">Telmarkt NT<\/strong> es una soluci\u00f3n avanzada dise\u00f1ada para modernizar m\u00e1quinas autom\u00e1ticas, kioscos y puntos de venta desatendidos, incorporando tecnolog\u00eda de pago, control remoto y verificaci\u00f3n segura de usuarios.<\/p>\n<p data-start=\"212\" data-end=\"435\">Con <strong data-start=\"216\" data-end=\"231\">Telmarkt NT<\/strong>, cualquier dispositivo puede aceptar <strong data-start=\"269\" data-end=\"302\">pagos contactless universales<\/strong>, incluyendo <strong data-start=\"315\" data-end=\"351\">tarjetas bancarias y wallets NFC<\/strong>, ofreciendo a los usuarios una experiencia de compra r\u00e1pida, segura y sin fricci\u00f3n.<\/p>\n<p data-start=\"437\" data-end=\"877\">La plataforma integra un completo sistema de <strong data-start=\"482\" data-end=\"513\">telemetr\u00eda y control remoto<\/strong>, que permite a los operadores gestionar sus equipos de forma eficiente desde cualquier lugar. A trav\u00e9s de un panel centralizado es posible visualizar <strong data-start=\"664\" data-end=\"689\">ventas en tiempo real<\/strong>, modificar <strong data-start=\"701\" data-end=\"737\">precios de productos a distancia<\/strong>, y acceder a la <strong data-start=\"754\" data-end=\"790\">geolocalizaci\u00f3n de cada terminal<\/strong>, facilitando la supervisi\u00f3n, el mantenimiento y la optimizaci\u00f3n de la red de m\u00e1quinas.<\/p>\n<p data-start=\"879\" data-end=\"1149\">Para la venta de productos regulados, Telmarkt NT incorpora un sistema de <strong data-start=\"953\" data-end=\"977\">verificaci\u00f3n de edad<\/strong>, capaz de <strong data-start=\"988\" data-end=\"1051\">leer y validar cualquier documento de identidad o pasaporte<\/strong>, garantizando el cumplimiento de la normativa para la venta de productos para mayores de 18 a\u00f1os.<\/p>\n<p data-start=\"1151\" data-end=\"1371\">Adem\u00e1s, el sistema permite la <strong data-start=\"1181\" data-end=\"1213\">recarga de tarjetas monedero<\/strong>, como por ejemplo tarjetas de <strong data-start=\"1244\" data-end=\"1266\">transporte p\u00fablico<\/strong>, ampliando las funcionalidades del terminal y generando nuevas oportunidades de servicio y monetizaci\u00f3n.<\/p>\n<p data-start=\"1373\" data-end=\"1650\">Pensado tambi\u00e9n para la accesibilidad y la facilidad de instalaci\u00f3n, Telmarkt NT incluye <strong data-start=\"1462\" data-end=\"1480\">soporte f\u00edsico<\/strong>, <strong data-start=\"1482\" data-end=\"1500\">c\u00f3digo braille<\/strong> y <strong data-start=\"1503\" data-end=\"1525\">cables de conexi\u00f3n<\/strong>, permitiendo una integraci\u00f3n r\u00e1pida con distintos tipos de m\u00e1quinas y garantizando un uso inclusivo para todos los usuarios.<\/p>\n<p data-start=\"1652\" data-end=\"1772\" data-is-last-node=\"\" data-is-only-node=\"\"><strong data-start=\"1652\" data-end=\"1769\">Telmarkt NT transforma cualquier terminal en un punto de venta inteligente, conectado y preparado para el futuro.<\/strong><\/p>\n","protected":false},"excerpt":{"rendered":"<div>\n<div>\n<p>Telmarkt NT es la evoluci\u00f3n natural de vending inteligente: un dispositivo de pago contacless que mantiene todas las funcionalidades avanzadas de Telmarkt dise\u00f1ado para maximizar ventas, cumplir normativas y ofrecer la mejor experiencia.<\/p>\n<\/div>\n<\/div>\n","protected":false},"featured_media":27181,"comment_status":"open","ping_status":"closed","template":"","meta":[],"product_brand":[],"product_cat":[152],"product_tag":[],"class_list":{"0":"post-27180","1":"product","2":"type-product","3":"status-publish","4":"has-post-thumbnail","6":"product_cat-sistemas-de-pago","8":"first","9":"instock","10":"taxable","11":"shipping-taxable","12":"purchasable","13":"product-type-simple"},"yoast_head":"<!-- This site is optimized with the Yoast SEO plugin v27.0 - https:\/\/yoast.com\/product\/yoast-seo-wordpress\/ -->\n<title>TELAMRK NT - Nomesvending<\/title>\n<meta name=\"description\" content=\"Telmarkt NT es la evoluci\u00f3n natural de vending inteligente: un dispositivo de pago contacless que mantiene todas las funcionalidades avanzadas.\" \/>\n<meta name=\"robots\" content=\"index, follow, max-snippet:-1, max-image-preview:large, max-video-preview:-1\" \/>\n<link rel=\"canonical\" href=\"https:\/\/nomesvending.com\/web\/tienda\/sistemas-de-pago\/telamrk-nt\/\" \/>\n<meta property=\"og:locale\" content=\"es_ES\" \/>\n<meta property=\"og:type\" content=\"article\" \/>\n<meta property=\"og:title\" content=\"TELAMRK NT - Nomesvending\" \/>\n<meta property=\"og:description\" content=\"Telmarkt NT es la evoluci\u00f3n natural de vending inteligente: un dispositivo de pago contacless que mantiene todas las funcionalidades avanzadas.\" \/>\n<meta property=\"og:url\" content=\"https:\/\/nomesvending.com\/web\/tienda\/sistemas-de-pago\/telamrk-nt\/\" \/>\n<meta property=\"og:site_name\" content=\"Nomesvending\" \/>\n<meta property=\"article:publisher\" content=\"https:\/\/www.facebook.com\/NomesVending\/\" \/>\n<meta property=\"article:modified_time\" content=\"2026-03-11T19:01:12+00:00\" \/>\n<meta name=\"twitter:card\" content=\"summary_large_image\" \/>\n<meta name=\"twitter:label1\" content=\"Tiempo de lectura\" \/>\n\t<meta name=\"twitter:data1\" content=\"2 minutos\" \/>\n<script type=\"application\/ld+json\" class=\"yoast-schema-graph\">{\"@context\":\"https:\/\/schema.org\",\"@graph\":[{\"@type\":\"WebPage\",\"@id\":\"https:\/\/nomesvending.com\/web\/tienda\/sistemas-de-pago\/telamrk-nt\/\",\"url\":\"https:\/\/nomesvending.com\/web\/tienda\/sistemas-de-pago\/telamrk-nt\/\",\"name\":\"TELAMRK NT - Nomesvending\",\"isPartOf\":{\"@id\":\"https:\/\/nomesvending.com\/web\/#website\"},\"primaryImageOfPage\":{\"@id\":\"https:\/\/nomesvending.com\/web\/tienda\/sistemas-de-pago\/telamrk-nt\/#primaryimage\"},\"image\":{\"@id\":\"https:\/\/nomesvending.com\/web\/tienda\/sistemas-de-pago\/telamrk-nt\/#primaryimage\"},\"thumbnailUrl\":\"https:\/\/nomesvending.com\/web\/wp-content\/uploads\/2026\/01\/TELMARK-NT-pdf.jpg\",\"datePublished\":\"2026-01-19T09:33:51+00:00\",\"dateModified\":\"2026-03-11T19:01:12+00:00\",\"description\":\"Telmarkt NT es la evoluci\u00f3n natural de vending inteligente: un dispositivo de pago contacless que mantiene todas las funcionalidades avanzadas.\",\"breadcrumb\":{\"@id\":\"https:\/\/nomesvending.com\/web\/tienda\/sistemas-de-pago\/telamrk-nt\/#breadcrumb\"},\"inLanguage\":\"es\",\"potentialAction\":[{\"@type\":\"ReadAction\",\"target\":[\"https:\/\/nomesvending.com\/web\/tienda\/sistemas-de-pago\/telamrk-nt\/\"]}]},{\"@type\":\"ImageObject\",\"inLanguage\":\"es\",\"@id\":\"https:\/\/nomesvending.com\/web\/tienda\/sistemas-de-pago\/telamrk-nt\/#primaryimage\",\"url\":\"https:\/\/nomesvending.com\/web\/wp-content\/uploads\/2026\/01\/TELMARK-NT-pdf.jpg\",\"contentUrl\":\"https:\/\/nomesvending.com\/web\/wp-content\/uploads\/2026\/01\/TELMARK-NT-pdf.jpg\"},{\"@type\":\"BreadcrumbList\",\"@id\":\"https:\/\/nomesvending.com\/web\/tienda\/sistemas-de-pago\/telamrk-nt\/#breadcrumb\",\"itemListElement\":[{\"@type\":\"ListItem\",\"position\":1,\"name\":\"Portada\",\"item\":\"https:\/\/nomesvending.com\/web\/\"},{\"@type\":\"ListItem\",\"position\":2,\"name\":\"Tienda\",\"item\":\"https:\/\/nomesvending.com\/web\/tienda\/\"},{\"@type\":\"ListItem\",\"position\":3,\"name\":\"TELAMRK NT\"}]},{\"@type\":\"WebSite\",\"@id\":\"https:\/\/nomesvending.com\/web\/#website\",\"url\":\"https:\/\/nomesvending.com\/web\/\",\"name\":\"Nom\u00e9sVending\",\"description\":\"M\u00e1quinas, filtros, recambios, monederos, consumibles y todo lo que necesitas para el mundo del vending. Calidad y tecnolog\u00eda para tu negocio. \u00a1Descubre nuestras soluciones!\",\"publisher\":{\"@id\":\"https:\/\/nomesvending.com\/web\/#organization\"},\"potentialAction\":[{\"@type\":\"SearchAction\",\"target\":{\"@type\":\"EntryPoint\",\"urlTemplate\":\"https:\/\/nomesvending.com\/web\/?s={search_term_string}\"},\"query-input\":{\"@type\":\"PropertyValueSpecification\",\"valueRequired\":true,\"valueName\":\"search_term_string\"}}],\"inLanguage\":\"es\"},{\"@type\":\"Organization\",\"@id\":\"https:\/\/nomesvending.com\/web\/#organization\",\"name\":\"Nom\u00e9sVending\",\"url\":\"https:\/\/nomesvending.com\/web\/\",\"logo\":{\"@type\":\"ImageObject\",\"inLanguage\":\"es\",\"@id\":\"https:\/\/nomesvending.com\/web\/#\/schema\/logo\/image\/\",\"url\":\"https:\/\/nomesvending.com\/web\/wp-content\/uploads\/2026\/03\/Red-and-White-Modern-Vending-Machine-Services-Instagram-Post.png\",\"contentUrl\":\"https:\/\/nomesvending.com\/web\/wp-content\/uploads\/2026\/03\/Red-and-White-Modern-Vending-Machine-Services-Instagram-Post.png\",\"width\":1080,\"height\":1080,\"caption\":\"Nom\u00e9sVending\"},\"image\":{\"@id\":\"https:\/\/nomesvending.com\/web\/#\/schema\/logo\/image\/\"},\"sameAs\":[\"https:\/\/www.facebook.com\/NomesVending\/\",\"https:\/\/www.instagram.com\/nomesvending\/\"]}]}<\/script>\n<!-- \/ Yoast SEO plugin. -->","yoast_head_json":{"title":"TELAMRK NT - Nomesvending","description":"Telmarkt NT es la evoluci\u00f3n natural de vending inteligente: un dispositivo de pago contacless que mantiene todas las funcionalidades avanzadas.","robots":{"index":"index","follow":"follow","max-snippet":"max-snippet:-1","max-image-preview":"max-image-preview:large","max-video-preview":"max-video-preview:-1"},"canonical":"https:\/\/nomesvending.com\/web\/tienda\/sistemas-de-pago\/telamrk-nt\/","og_locale":"es_ES","og_type":"article","og_title":"TELAMRK NT - Nomesvending","og_description":"Telmarkt NT es la evoluci\u00f3n natural de vending inteligente: un dispositivo de pago contacless que mantiene todas las funcionalidades avanzadas.","og_url":"https:\/\/nomesvending.com\/web\/tienda\/sistemas-de-pago\/telamrk-nt\/","og_site_name":"Nomesvending","article_publisher":"https:\/\/www.facebook.com\/NomesVending\/","article_modified_time":"2026-03-11T19:01:12+00:00","twitter_card":"summary_large_image","twitter_misc":{"Tiempo de lectura":"2 minutos"},"schema":{"@context":"https:\/\/schema.org","@graph":[{"@type":"WebPage","@id":"https:\/\/nomesvending.com\/web\/tienda\/sistemas-de-pago\/telamrk-nt\/","url":"https:\/\/nomesvending.com\/web\/tienda\/sistemas-de-pago\/telamrk-nt\/","name":"TELAMRK NT - Nomesvending","isPartOf":{"@id":"https:\/\/nomesvending.com\/web\/#website"},"primaryImageOfPage":{"@id":"https:\/\/nomesvending.com\/web\/tienda\/sistemas-de-pago\/telamrk-nt\/#primaryimage"},"image":{"@id":"https:\/\/nomesvending.com\/web\/tienda\/sistemas-de-pago\/telamrk-nt\/#primaryimage"},"thumbnailUrl":"https:\/\/nomesvending.com\/web\/wp-content\/uploads\/2026\/01\/TELMARK-NT-pdf.jpg","datePublished":"2026-01-19T09:33:51+00:00","dateModified":"2026-03-11T19:01:12+00:00","description":"Telmarkt NT es la evoluci\u00f3n natural de vending inteligente: un dispositivo de pago contacless que mantiene todas las funcionalidades avanzadas.","breadcrumb":{"@id":"https:\/\/nomesvending.com\/web\/tienda\/sistemas-de-pago\/telamrk-nt\/#breadcrumb"},"inLanguage":"es","potentialAction":[{"@type":"ReadAction","target":["https:\/\/nomesvending.com\/web\/tienda\/sistemas-de-pago\/telamrk-nt\/"]}]},{"@type":"ImageObject","inLanguage":"es","@id":"https:\/\/nomesvending.com\/web\/tienda\/sistemas-de-pago\/telamrk-nt\/#primaryimage","url":"https:\/\/nomesvending.com\/web\/wp-content\/uploads\/2026\/01\/TELMARK-NT-pdf.jpg","contentUrl":"https:\/\/nomesvending.com\/web\/wp-content\/uploads\/2026\/01\/TELMARK-NT-pdf.jpg"},{"@type":"BreadcrumbList","@id":"https:\/\/nomesvending.com\/web\/tienda\/sistemas-de-pago\/telamrk-nt\/#breadcrumb","itemListElement":[{"@type":"ListItem","position":1,"name":"Portada","item":"https:\/\/nomesvending.com\/web\/"},{"@type":"ListItem","position":2,"name":"Tienda","item":"https:\/\/nomesvending.com\/web\/tienda\/"},{"@type":"ListItem","position":3,"name":"TELAMRK NT"}]},{"@type":"WebSite","@id":"https:\/\/nomesvending.com\/web\/#website","url":"https:\/\/nomesvending.com\/web\/","name":"Nom\u00e9sVending","description":"M\u00e1quinas, filtros, recambios, monederos, consumibles y todo lo que necesitas para el mundo del vending. Calidad y tecnolog\u00eda para tu negocio. \u00a1Descubre nuestras soluciones!","publisher":{"@id":"https:\/\/nomesvending.com\/web\/#organization"},"potentialAction":[{"@type":"SearchAction","target":{"@type":"EntryPoint","urlTemplate":"https:\/\/nomesvending.com\/web\/?s={search_term_string}"},"query-input":{"@type":"PropertyValueSpecification","valueRequired":true,"valueName":"search_term_string"}}],"inLanguage":"es"},{"@type":"Organization","@id":"https:\/\/nomesvending.com\/web\/#organization","name":"Nom\u00e9sVending","url":"https:\/\/nomesvending.com\/web\/","logo":{"@type":"ImageObject","inLanguage":"es","@id":"https:\/\/nomesvending.com\/web\/#\/schema\/logo\/image\/","url":"https:\/\/nomesvending.com\/web\/wp-content\/uploads\/2026\/03\/Red-and-White-Modern-Vending-Machine-Services-Instagram-Post.png","contentUrl":"https:\/\/nomesvending.com\/web\/wp-content\/uploads\/2026\/03\/Red-and-White-Modern-Vending-Machine-Services-Instagram-Post.png","width":1080,"height":1080,"caption":"Nom\u00e9sVending"},"image":{"@id":"https:\/\/nomesvending.com\/web\/#\/schema\/logo\/image\/"},"sameAs":["https:\/\/www.facebook.com\/NomesVending\/","https:\/\/www.instagram.com\/nomesvending\/"]}]}},"_links":{"self":[{"href":"https:\/\/nomesvending.com\/web\/wp-json\/wp\/v2\/product\/27180","targetHints":{"allow":["GET"]}}],"collection":[{"href":"https:\/\/nomesvending.com\/web\/wp-json\/wp\/v2\/product"}],"about":[{"href":"https:\/\/nomesvending.com\/web\/wp-json\/wp\/v2\/types\/product"}],"replies":[{"embeddable":true,"href":"https:\/\/nomesvending.com\/web\/wp-json\/wp\/v2\/comments?post=27180"}],"wp:featuredmedia":[{"embeddable":true,"href":"https:\/\/nomesvending.com\/web\/wp-json\/wp\/v2\/media\/27181"}],"wp:attachment":[{"href":"https:\/\/nomesvending.com\/web\/wp-json\/wp\/v2\/media?parent=27180"}],"wp:term":[{"taxonomy":"product_brand","embeddable":true,"href":"https:\/\/nomesvending.com\/web\/wp-json\/wp\/v2\/product_brand?post=27180"},{"taxonomy":"product_cat","embeddable":true,"href":"https:\/\/nomesvending.com\/web\/wp-json\/wp\/v2\/product_cat?post=27180"},{"taxonomy":"product_tag","embeddable":true,"href":"https:\/\/nomesvending.com\/web\/wp-json\/wp\/v2\/product_tag?post=27180"}],"curies":[{"name":"wp","href":"https:\/\/api.w.org\/{rel}","templated":true}]}}