{"id":27205,"date":"2026-01-20T07:41:53","date_gmt":"2026-01-20T07:41:53","guid":{"rendered":"https:\/\/nomesvending.com\/web\/?post_type=product&#038;p=27205"},"modified":"2026-01-22T08:31:05","modified_gmt":"2026-01-22T08:31:05","slug":"g-500-kalea-plus","status":"publish","type":"product","link":"https:\/\/nomesvending.com\/web\/tienda\/maquinas\/maquinas-para-hoteles\/g-500-kalea-plus\/","title":{"rendered":"G 500 Kalea Plus"},"content":{"rendered":"<p><a style=\"display: inline-block; background-color: #a1a895; color: #ffffff; padding: 10px 20px; border-radius: 5px; text-decoration: none; font-weight: bold; font-family: sans-serif;\" href=\"https:\/\/nomesvending.com\/web\/wp-content\/uploads\/2026\/01\/G-500-Kalea-Plus.pdf\" target=\"_blank\" rel=\"noopener\"> Descarga Cat\u00e1logo<\/a><\/p>\n<p>La G 500 Kalea Plus\u00a0es una m\u00e1quina de caf\u00e9 profesional de <strong data-start=\"279\" data-end=\"299\">est\u00e9tica Premium<\/strong>, dise\u00f1ada para ofrecer alto rendimiento y una excelente experiencia en bebidas de caf\u00e9 y leche fresca. Incorpora la <strong data-start=\"416\" data-end=\"440\">tecnolog\u00eda PrimeMilk<\/strong>, que garantiza una emulsi\u00f3n equilibrada y una espuma de calidad constante, ideal para cappuccinos y especialidades con leche.<br data-start=\"566\" data-end=\"569\" \/>Equipada con <strong data-start=\"582\" data-end=\"600\">bomba rotativa<\/strong>, <strong data-start=\"602\" data-end=\"637\">dos molinillos de caf\u00e9 en grano<\/strong> y <strong data-start=\"640\" data-end=\"677\">una tolva para productos solubles<\/strong>, proporciona gran flexibilidad en la oferta de bebidas. El grupo de erogaci\u00f3n <strong data-start=\"756\" data-end=\"774\">Z4000 (7\u201314 g)<\/strong> asegura extracciones precisas y homog\u00e9neas. Adem\u00e1s, cuenta con <strong data-start=\"838\" data-end=\"879\" data-is-only-node=\"\">tolva dedicada para caf\u00e9 descafeinado<\/strong>, ampliando las opciones sin mezclar sabores.<br data-start=\"924\" data-end=\"927\" \/>Su <strong data-start=\"930\" data-end=\"955\">pantalla t\u00e1ctil de 7\u201d<\/strong> permite un uso intuitivo, con hasta <strong data-start=\"992\" data-end=\"1030\">10 selecciones directas por p\u00e1gina<\/strong>, facilitando el autoservicio. Con doble caldera de caf\u00e9 y vapor, una producci\u00f3n recomendada de <strong data-start=\"1126\" data-end=\"1153\">hasta 250 tazas diarias<\/strong> y m\u00faltiples opciones de configuraci\u00f3n \u2014como grupo Z4000 de 21 g, lanza de vapor o pantalla t\u00e1ctil de 10\u201d\u2014, la G 500 Kalea es una soluci\u00f3n ideal para oficinas premium, hoteles y espacios profesionales que buscan calidad, dise\u00f1o y fiabilidad.<\/p>\n","protected":false},"excerpt":{"rendered":"<p>M\u00e1quina de caf\u00e9 profesional premium con tecnolog\u00eda PrimeMilk, doble molinillo y pantalla t\u00e1ctil de 7\u201d. Ideal para hasta 250 tazas diarias.<\/p>\n","protected":false},"featured_media":27203,"comment_status":"open","ping_status":"closed","template":"","meta":[],"product_brand":[227,271],"product_cat":[151,277],"product_tag":[],"class_list":{"0":"post-27205","1":"product","2":"type-product","3":"status-publish","4":"has-post-thumbnail","6":"product_brand-evoca","7":"product_brand-gaggia","8":"product_cat-maquinas","9":"product_cat-maquinas-para-hoteles","11":"first","12":"instock","13":"taxable","14":"shipping-taxable","15":"purchasable","16":"product-type-simple"},"yoast_head":"<!-- This site is optimized with the Yoast SEO plugin v27.0 - https:\/\/yoast.com\/product\/yoast-seo-wordpress\/ -->\n<title>G 500 Kalea Plus - Nomesvending<\/title>\n<meta name=\"description\" content=\"G 500 Kalea Plus PrimeMilk, m\u00e1quina de caf\u00e9 profesional premium con doble molinillo y pantalla t\u00e1ctil. Alto rendimiento y dise\u00f1o elegante para oficinas...\" \/>\n<meta name=\"robots\" content=\"index, follow, max-snippet:-1, max-image-preview:large, max-video-preview:-1\" \/>\n<link rel=\"canonical\" href=\"https:\/\/nomesvending.com\/web\/tienda\/maquinas\/maquinas-para-hoteles\/g-500-kalea-plus\/\" \/>\n<meta property=\"og:locale\" content=\"es_ES\" \/>\n<meta property=\"og:type\" content=\"article\" \/>\n<meta property=\"og:title\" content=\"G 500 Kalea Plus - Nomesvending\" \/>\n<meta property=\"og:description\" content=\"G 500 Kalea Plus PrimeMilk, m\u00e1quina de caf\u00e9 profesional premium con doble molinillo y pantalla t\u00e1ctil. Alto rendimiento y dise\u00f1o elegante para oficinas...\" \/>\n<meta property=\"og:url\" content=\"https:\/\/nomesvending.com\/web\/tienda\/maquinas\/maquinas-para-hoteles\/g-500-kalea-plus\/\" \/>\n<meta property=\"og:site_name\" content=\"Nomesvending\" \/>\n<meta property=\"article:publisher\" content=\"https:\/\/www.facebook.com\/NomesVending\/\" \/>\n<meta property=\"article:modified_time\" content=\"2026-01-22T08:31:05+00:00\" \/>\n<meta property=\"og:image\" content=\"https:\/\/nomesvending.com\/web\/wp-content\/uploads\/2026\/01\/G500.jpg\" \/>\n\t<meta property=\"og:image:width\" content=\"900\" \/>\n\t<meta property=\"og:image:height\" content=\"900\" \/>\n\t<meta property=\"og:image:type\" content=\"image\/jpeg\" \/>\n<meta name=\"twitter:card\" content=\"summary_large_image\" \/>\n<meta name=\"twitter:label1\" content=\"Tiempo de lectura\" \/>\n\t<meta name=\"twitter:data1\" content=\"2 minutos\" \/>\n<script type=\"application\/ld+json\" class=\"yoast-schema-graph\">{\"@context\":\"https:\/\/schema.org\",\"@graph\":[{\"@type\":\"WebPage\",\"@id\":\"https:\/\/nomesvending.com\/web\/tienda\/maquinas\/maquinas-para-hoteles\/g-500-kalea-plus\/\",\"url\":\"https:\/\/nomesvending.com\/web\/tienda\/maquinas\/maquinas-para-hoteles\/g-500-kalea-plus\/\",\"name\":\"G 500 Kalea Plus - Nomesvending\",\"isPartOf\":{\"@id\":\"https:\/\/nomesvending.com\/web\/#website\"},\"primaryImageOfPage\":{\"@id\":\"https:\/\/nomesvending.com\/web\/tienda\/maquinas\/maquinas-para-hoteles\/g-500-kalea-plus\/#primaryimage\"},\"image\":{\"@id\":\"https:\/\/nomesvending.com\/web\/tienda\/maquinas\/maquinas-para-hoteles\/g-500-kalea-plus\/#primaryimage\"},\"thumbnailUrl\":\"https:\/\/nomesvending.com\/web\/wp-content\/uploads\/2026\/01\/G500.jpg\",\"datePublished\":\"2026-01-20T07:41:53+00:00\",\"dateModified\":\"2026-01-22T08:31:05+00:00\",\"description\":\"G 500 Kalea Plus PrimeMilk, m\u00e1quina de caf\u00e9 profesional premium con doble molinillo y pantalla t\u00e1ctil. Alto rendimiento y dise\u00f1o elegante para oficinas...\",\"breadcrumb\":{\"@id\":\"https:\/\/nomesvending.com\/web\/tienda\/maquinas\/maquinas-para-hoteles\/g-500-kalea-plus\/#breadcrumb\"},\"inLanguage\":\"es\",\"potentialAction\":[{\"@type\":\"ReadAction\",\"target\":[\"https:\/\/nomesvending.com\/web\/tienda\/maquinas\/maquinas-para-hoteles\/g-500-kalea-plus\/\"]}]},{\"@type\":\"ImageObject\",\"inLanguage\":\"es\",\"@id\":\"https:\/\/nomesvending.com\/web\/tienda\/maquinas\/maquinas-para-hoteles\/g-500-kalea-plus\/#primaryimage\",\"url\":\"https:\/\/nomesvending.com\/web\/wp-content\/uploads\/2026\/01\/G500.jpg\",\"contentUrl\":\"https:\/\/nomesvending.com\/web\/wp-content\/uploads\/2026\/01\/G500.jpg\",\"width\":900,\"height\":900},{\"@type\":\"BreadcrumbList\",\"@id\":\"https:\/\/nomesvending.com\/web\/tienda\/maquinas\/maquinas-para-hoteles\/g-500-kalea-plus\/#breadcrumb\",\"itemListElement\":[{\"@type\":\"ListItem\",\"position\":1,\"name\":\"Portada\",\"item\":\"https:\/\/nomesvending.com\/web\/\"},{\"@type\":\"ListItem\",\"position\":2,\"name\":\"Tienda\",\"item\":\"https:\/\/nomesvending.com\/web\/tienda\/\"},{\"@type\":\"ListItem\",\"position\":3,\"name\":\"G 500 Kalea Plus\"}]},{\"@type\":\"WebSite\",\"@id\":\"https:\/\/nomesvending.com\/web\/#website\",\"url\":\"https:\/\/nomesvending.com\/web\/\",\"name\":\"Nom\u00e9sVending\",\"description\":\"M\u00e1quinas, filtros, recambios, monederos, consumibles y todo lo que necesitas para el mundo del vending. Calidad y tecnolog\u00eda para tu negocio. \u00a1Descubre nuestras soluciones!\",\"publisher\":{\"@id\":\"https:\/\/nomesvending.com\/web\/#organization\"},\"potentialAction\":[{\"@type\":\"SearchAction\",\"target\":{\"@type\":\"EntryPoint\",\"urlTemplate\":\"https:\/\/nomesvending.com\/web\/?s={search_term_string}\"},\"query-input\":{\"@type\":\"PropertyValueSpecification\",\"valueRequired\":true,\"valueName\":\"search_term_string\"}}],\"inLanguage\":\"es\"},{\"@type\":\"Organization\",\"@id\":\"https:\/\/nomesvending.com\/web\/#organization\",\"name\":\"Nom\u00e9sVending\",\"url\":\"https:\/\/nomesvending.com\/web\/\",\"logo\":{\"@type\":\"ImageObject\",\"inLanguage\":\"es\",\"@id\":\"https:\/\/nomesvending.com\/web\/#\/schema\/logo\/image\/\",\"url\":\"https:\/\/nomesvending.com\/web\/wp-content\/uploads\/2026\/03\/Red-and-White-Modern-Vending-Machine-Services-Instagram-Post.png\",\"contentUrl\":\"https:\/\/nomesvending.com\/web\/wp-content\/uploads\/2026\/03\/Red-and-White-Modern-Vending-Machine-Services-Instagram-Post.png\",\"width\":1080,\"height\":1080,\"caption\":\"Nom\u00e9sVending\"},\"image\":{\"@id\":\"https:\/\/nomesvending.com\/web\/#\/schema\/logo\/image\/\"},\"sameAs\":[\"https:\/\/www.facebook.com\/NomesVending\/\",\"https:\/\/www.instagram.com\/nomesvending\/\"]}]}<\/script>\n<!-- \/ Yoast SEO plugin. -->","yoast_head_json":{"title":"G 500 Kalea Plus - Nomesvending","description":"G 500 Kalea Plus PrimeMilk, m\u00e1quina de caf\u00e9 profesional premium con doble molinillo y pantalla t\u00e1ctil. Alto rendimiento y dise\u00f1o elegante para oficinas...","robots":{"index":"index","follow":"follow","max-snippet":"max-snippet:-1","max-image-preview":"max-image-preview:large","max-video-preview":"max-video-preview:-1"},"canonical":"https:\/\/nomesvending.com\/web\/tienda\/maquinas\/maquinas-para-hoteles\/g-500-kalea-plus\/","og_locale":"es_ES","og_type":"article","og_title":"G 500 Kalea Plus - Nomesvending","og_description":"G 500 Kalea Plus PrimeMilk, m\u00e1quina de caf\u00e9 profesional premium con doble molinillo y pantalla t\u00e1ctil. Alto rendimiento y dise\u00f1o elegante para oficinas...","og_url":"https:\/\/nomesvending.com\/web\/tienda\/maquinas\/maquinas-para-hoteles\/g-500-kalea-plus\/","og_site_name":"Nomesvending","article_publisher":"https:\/\/www.facebook.com\/NomesVending\/","article_modified_time":"2026-01-22T08:31:05+00:00","og_image":[{"width":900,"height":900,"url":"https:\/\/nomesvending.com\/web\/wp-content\/uploads\/2026\/01\/G500.jpg","type":"image\/jpeg"}],"twitter_card":"summary_large_image","twitter_misc":{"Tiempo de lectura":"2 minutos"},"schema":{"@context":"https:\/\/schema.org","@graph":[{"@type":"WebPage","@id":"https:\/\/nomesvending.com\/web\/tienda\/maquinas\/maquinas-para-hoteles\/g-500-kalea-plus\/","url":"https:\/\/nomesvending.com\/web\/tienda\/maquinas\/maquinas-para-hoteles\/g-500-kalea-plus\/","name":"G 500 Kalea Plus - Nomesvending","isPartOf":{"@id":"https:\/\/nomesvending.com\/web\/#website"},"primaryImageOfPage":{"@id":"https:\/\/nomesvending.com\/web\/tienda\/maquinas\/maquinas-para-hoteles\/g-500-kalea-plus\/#primaryimage"},"image":{"@id":"https:\/\/nomesvending.com\/web\/tienda\/maquinas\/maquinas-para-hoteles\/g-500-kalea-plus\/#primaryimage"},"thumbnailUrl":"https:\/\/nomesvending.com\/web\/wp-content\/uploads\/2026\/01\/G500.jpg","datePublished":"2026-01-20T07:41:53+00:00","dateModified":"2026-01-22T08:31:05+00:00","description":"G 500 Kalea Plus PrimeMilk, m\u00e1quina de caf\u00e9 profesional premium con doble molinillo y pantalla t\u00e1ctil. Alto rendimiento y dise\u00f1o elegante para oficinas...","breadcrumb":{"@id":"https:\/\/nomesvending.com\/web\/tienda\/maquinas\/maquinas-para-hoteles\/g-500-kalea-plus\/#breadcrumb"},"inLanguage":"es","potentialAction":[{"@type":"ReadAction","target":["https:\/\/nomesvending.com\/web\/tienda\/maquinas\/maquinas-para-hoteles\/g-500-kalea-plus\/"]}]},{"@type":"ImageObject","inLanguage":"es","@id":"https:\/\/nomesvending.com\/web\/tienda\/maquinas\/maquinas-para-hoteles\/g-500-kalea-plus\/#primaryimage","url":"https:\/\/nomesvending.com\/web\/wp-content\/uploads\/2026\/01\/G500.jpg","contentUrl":"https:\/\/nomesvending.com\/web\/wp-content\/uploads\/2026\/01\/G500.jpg","width":900,"height":900},{"@type":"BreadcrumbList","@id":"https:\/\/nomesvending.com\/web\/tienda\/maquinas\/maquinas-para-hoteles\/g-500-kalea-plus\/#breadcrumb","itemListElement":[{"@type":"ListItem","position":1,"name":"Portada","item":"https:\/\/nomesvending.com\/web\/"},{"@type":"ListItem","position":2,"name":"Tienda","item":"https:\/\/nomesvending.com\/web\/tienda\/"},{"@type":"ListItem","position":3,"name":"G 500 Kalea Plus"}]},{"@type":"WebSite","@id":"https:\/\/nomesvending.com\/web\/#website","url":"https:\/\/nomesvending.com\/web\/","name":"Nom\u00e9sVending","description":"M\u00e1quinas, filtros, recambios, monederos, consumibles y todo lo que necesitas para el mundo del vending. Calidad y tecnolog\u00eda para tu negocio. \u00a1Descubre nuestras soluciones!","publisher":{"@id":"https:\/\/nomesvending.com\/web\/#organization"},"potentialAction":[{"@type":"SearchAction","target":{"@type":"EntryPoint","urlTemplate":"https:\/\/nomesvending.com\/web\/?s={search_term_string}"},"query-input":{"@type":"PropertyValueSpecification","valueRequired":true,"valueName":"search_term_string"}}],"inLanguage":"es"},{"@type":"Organization","@id":"https:\/\/nomesvending.com\/web\/#organization","name":"Nom\u00e9sVending","url":"https:\/\/nomesvending.com\/web\/","logo":{"@type":"ImageObject","inLanguage":"es","@id":"https:\/\/nomesvending.com\/web\/#\/schema\/logo\/image\/","url":"https:\/\/nomesvending.com\/web\/wp-content\/uploads\/2026\/03\/Red-and-White-Modern-Vending-Machine-Services-Instagram-Post.png","contentUrl":"https:\/\/nomesvending.com\/web\/wp-content\/uploads\/2026\/03\/Red-and-White-Modern-Vending-Machine-Services-Instagram-Post.png","width":1080,"height":1080,"caption":"Nom\u00e9sVending"},"image":{"@id":"https:\/\/nomesvending.com\/web\/#\/schema\/logo\/image\/"},"sameAs":["https:\/\/www.facebook.com\/NomesVending\/","https:\/\/www.instagram.com\/nomesvending\/"]}]}},"_links":{"self":[{"href":"https:\/\/nomesvending.com\/web\/wp-json\/wp\/v2\/product\/27205","targetHints":{"allow":["GET"]}}],"collection":[{"href":"https:\/\/nomesvending.com\/web\/wp-json\/wp\/v2\/product"}],"about":[{"href":"https:\/\/nomesvending.com\/web\/wp-json\/wp\/v2\/types\/product"}],"replies":[{"embeddable":true,"href":"https:\/\/nomesvending.com\/web\/wp-json\/wp\/v2\/comments?post=27205"}],"wp:featuredmedia":[{"embeddable":true,"href":"https:\/\/nomesvending.com\/web\/wp-json\/wp\/v2\/media\/27203"}],"wp:attachment":[{"href":"https:\/\/nomesvending.com\/web\/wp-json\/wp\/v2\/media?parent=27205"}],"wp:term":[{"taxonomy":"product_brand","embeddable":true,"href":"https:\/\/nomesvending.com\/web\/wp-json\/wp\/v2\/product_brand?post=27205"},{"taxonomy":"product_cat","embeddable":true,"href":"https:\/\/nomesvending.com\/web\/wp-json\/wp\/v2\/product_cat?post=27205"},{"taxonomy":"product_tag","embeddable":true,"href":"https:\/\/nomesvending.com\/web\/wp-json\/wp\/v2\/product_tag?post=27205"}],"curies":[{"name":"wp","href":"https:\/\/api.w.org\/{rel}","templated":true}]}}