{"id":27212,"date":"2026-01-20T08:04:12","date_gmt":"2026-01-20T08:04:12","guid":{"rendered":"https:\/\/nomesvending.com\/web\/?post_type=product&#038;p=27212"},"modified":"2026-01-22T07:58:33","modified_gmt":"2026-01-22T07:58:33","slug":"g-300-krea","status":"publish","type":"product","link":"https:\/\/nomesvending.com\/web\/tienda\/maquinas\/maquinas-para-hoteles\/g-300-krea\/","title":{"rendered":"G 300 Krea ES4R F-D\/Q"},"content":{"rendered":"<p><a style=\"display: inline-block; background-color: #a1a895; color: #ffffff; padding: 10px 20px; border-radius: 5px; text-decoration: none; font-weight: bold; font-family: sans-serif;\" href=\"https:\/\/nomesvending.com\/web\/wp-content\/uploads\/2026\/01\/G300-KREA.pdf\" target=\"_blank\" rel=\"noopener\"> Descarga Cat\u00e1logo<\/a><\/p>\n<p>&nbsp;<\/p>\n<p>La <strong data-start=\"174\" data-end=\"199\">G 300 Krea ES4R F-D\/Q<\/strong> es una m\u00e1quina de caf\u00e9 profesional compacta y vers\u00e1til, ideal para oficinas, \u00e1reas de autoservicio y espacios con consumo medio. Utiliza <strong data-start=\"337\" data-end=\"369\">tecnolog\u00eda de leche en polvo<\/strong>, lo que facilita el mantenimiento y garantiza una preparaci\u00f3n r\u00e1pida y constante de bebidas con leche.<br data-start=\"472\" data-end=\"475\" \/>Equipada con <strong data-start=\"488\" data-end=\"508\">bomba vibratoria<\/strong>, <strong data-start=\"510\" data-end=\"543\">un molinillo de caf\u00e9 en grano<\/strong> y <strong data-start=\"546\" data-end=\"585\">tres tolvas para productos solubles<\/strong>, permite ofrecer una amplia variedad de recetas, desde caf\u00e9s cl\u00e1sicos hasta bebidas instant\u00e1neas y especialidades con leche. El grupo de erogaci\u00f3n <strong data-start=\"733\" data-end=\"751\">Z4000 (7\u201314 g)<\/strong> asegura una extracci\u00f3n fiable y uniforme.<br data-start=\"793\" data-end=\"796\" \/>Su <strong data-start=\"799\" data-end=\"825\">pantalla t\u00e1ctil de 10\u201d<\/strong> proporciona una experiencia de uso intuitiva, con hasta <strong data-start=\"882\" data-end=\"922\">16 selecciones directas por pantalla<\/strong>. Con una producci\u00f3n recomendada de <strong data-start=\"958\" data-end=\"985\">hasta 150 tazas diarias<\/strong>, conexi\u00f3n directa a la red de agua (compatible con tanque externo) y un dise\u00f1o funcional, la G 300 Krea es una soluci\u00f3n eficiente y rentable para entornos profesionales.<\/p>\n","protected":false},"excerpt":{"rendered":"<p>M\u00e1quina de caf\u00e9 profesional con leche en polvo, 1 molinillo y 3 solubles. Pantalla t\u00e1ctil de 10\u201d y capacidad para hasta 150 tazas diarias.<\/p>\n","protected":false},"featured_media":27213,"comment_status":"open","ping_status":"closed","template":"","meta":[],"product_brand":[227,271],"product_cat":[151,277,26],"product_tag":[],"class_list":{"0":"post-27212","1":"product","2":"type-product","3":"status-publish","4":"has-post-thumbnail","6":"product_brand-evoca","7":"product_brand-gaggia","8":"product_cat-maquinas","9":"product_cat-maquinas-para-hoteles","10":"product_cat-sin-categorizar","12":"first","13":"instock","14":"taxable","15":"shipping-taxable","16":"purchasable","17":"product-type-simple"},"yoast_head":"<!-- This site is optimized with the Yoast SEO plugin v27.5 - https:\/\/yoast.com\/product\/yoast-seo-wordpress\/ -->\n<title>G 300 Krea ES4R F-D\/Q - Nomesvending<\/title>\n<meta name=\"description\" content=\"G 300 Krea con leche en polvo, 1 molinillo y 3 solubles. M\u00e1quina de caf\u00e9 profesional compacta con pantalla t\u00e1ctil, ideal para oficinas y autoservicio.\" \/>\n<meta name=\"robots\" content=\"index, follow, max-snippet:-1, max-image-preview:large, max-video-preview:-1\" \/>\n<link rel=\"canonical\" href=\"https:\/\/nomesvending.com\/web\/tienda\/maquinas\/maquinas-para-hoteles\/g-300-krea\/\" \/>\n<meta property=\"og:locale\" content=\"es_ES\" \/>\n<meta property=\"og:type\" content=\"article\" \/>\n<meta property=\"og:title\" content=\"G 300 Krea ES4R F-D\/Q - Nomesvending\" \/>\n<meta property=\"og:description\" content=\"G 300 Krea con leche en polvo, 1 molinillo y 3 solubles. M\u00e1quina de caf\u00e9 profesional compacta con pantalla t\u00e1ctil, ideal para oficinas y autoservicio.\" \/>\n<meta property=\"og:url\" content=\"https:\/\/nomesvending.com\/web\/tienda\/maquinas\/maquinas-para-hoteles\/g-300-krea\/\" \/>\n<meta property=\"og:site_name\" content=\"Nomesvending\" \/>\n<meta property=\"article:publisher\" content=\"https:\/\/www.facebook.com\/NomesVending\/\" \/>\n<meta property=\"article:modified_time\" content=\"2026-01-22T07:58:33+00:00\" \/>\n<meta property=\"og:image\" content=\"https:\/\/nomesvending.com\/web\/wp-content\/uploads\/2026\/01\/KALEA-300.jpg\" \/>\n\t<meta property=\"og:image:width\" content=\"900\" \/>\n\t<meta property=\"og:image:height\" content=\"900\" \/>\n\t<meta property=\"og:image:type\" content=\"image\/jpeg\" \/>\n<meta name=\"twitter:card\" content=\"summary_large_image\" \/>\n<meta name=\"twitter:label1\" content=\"Tiempo de lectura\" \/>\n\t<meta name=\"twitter:data1\" content=\"1 minuto\" \/>\n<script type=\"application\/ld+json\" class=\"yoast-schema-graph\">{\"@context\":\"https:\\\/\\\/schema.org\",\"@graph\":[{\"@type\":\"WebPage\",\"@id\":\"https:\\\/\\\/nomesvending.com\\\/web\\\/tienda\\\/maquinas\\\/maquinas-para-hoteles\\\/g-300-krea\\\/\",\"url\":\"https:\\\/\\\/nomesvending.com\\\/web\\\/tienda\\\/maquinas\\\/maquinas-para-hoteles\\\/g-300-krea\\\/\",\"name\":\"G 300 Krea ES4R F-D\\\/Q - Nomesvending\",\"isPartOf\":{\"@id\":\"https:\\\/\\\/nomesvending.com\\\/web\\\/#website\"},\"primaryImageOfPage\":{\"@id\":\"https:\\\/\\\/nomesvending.com\\\/web\\\/tienda\\\/maquinas\\\/maquinas-para-hoteles\\\/g-300-krea\\\/#primaryimage\"},\"image\":{\"@id\":\"https:\\\/\\\/nomesvending.com\\\/web\\\/tienda\\\/maquinas\\\/maquinas-para-hoteles\\\/g-300-krea\\\/#primaryimage\"},\"thumbnailUrl\":\"https:\\\/\\\/nomesvending.com\\\/web\\\/wp-content\\\/uploads\\\/2026\\\/01\\\/KALEA-300.jpg\",\"datePublished\":\"2026-01-20T08:04:12+00:00\",\"dateModified\":\"2026-01-22T07:58:33+00:00\",\"description\":\"G 300 Krea con leche en polvo, 1 molinillo y 3 solubles. M\u00e1quina de caf\u00e9 profesional compacta con pantalla t\u00e1ctil, ideal para oficinas y autoservicio.\",\"breadcrumb\":{\"@id\":\"https:\\\/\\\/nomesvending.com\\\/web\\\/tienda\\\/maquinas\\\/maquinas-para-hoteles\\\/g-300-krea\\\/#breadcrumb\"},\"inLanguage\":\"es\",\"potentialAction\":[{\"@type\":\"ReadAction\",\"target\":[\"https:\\\/\\\/nomesvending.com\\\/web\\\/tienda\\\/maquinas\\\/maquinas-para-hoteles\\\/g-300-krea\\\/\"]}]},{\"@type\":\"ImageObject\",\"inLanguage\":\"es\",\"@id\":\"https:\\\/\\\/nomesvending.com\\\/web\\\/tienda\\\/maquinas\\\/maquinas-para-hoteles\\\/g-300-krea\\\/#primaryimage\",\"url\":\"https:\\\/\\\/nomesvending.com\\\/web\\\/wp-content\\\/uploads\\\/2026\\\/01\\\/KALEA-300.jpg\",\"contentUrl\":\"https:\\\/\\\/nomesvending.com\\\/web\\\/wp-content\\\/uploads\\\/2026\\\/01\\\/KALEA-300.jpg\",\"width\":900,\"height\":900},{\"@type\":\"BreadcrumbList\",\"@id\":\"https:\\\/\\\/nomesvending.com\\\/web\\\/tienda\\\/maquinas\\\/maquinas-para-hoteles\\\/g-300-krea\\\/#breadcrumb\",\"itemListElement\":[{\"@type\":\"ListItem\",\"position\":1,\"name\":\"Portada\",\"item\":\"https:\\\/\\\/nomesvending.com\\\/web\\\/\"},{\"@type\":\"ListItem\",\"position\":2,\"name\":\"Tienda\",\"item\":\"https:\\\/\\\/nomesvending.com\\\/web\\\/tienda\\\/\"},{\"@type\":\"ListItem\",\"position\":3,\"name\":\"G 300 Krea ES4R F-D\\\/Q\"}]},{\"@type\":\"WebSite\",\"@id\":\"https:\\\/\\\/nomesvending.com\\\/web\\\/#website\",\"url\":\"https:\\\/\\\/nomesvending.com\\\/web\\\/\",\"name\":\"Nom\u00e9sVending\",\"description\":\"M\u00e1quinas, filtros, recambios, monederos, consumibles y todo lo que necesitas para el mundo del vending. Calidad y tecnolog\u00eda para tu negocio. \u00a1Descubre nuestras soluciones!\",\"publisher\":{\"@id\":\"https:\\\/\\\/nomesvending.com\\\/web\\\/#organization\"},\"potentialAction\":[{\"@type\":\"SearchAction\",\"target\":{\"@type\":\"EntryPoint\",\"urlTemplate\":\"https:\\\/\\\/nomesvending.com\\\/web\\\/?s={search_term_string}\"},\"query-input\":{\"@type\":\"PropertyValueSpecification\",\"valueRequired\":true,\"valueName\":\"search_term_string\"}}],\"inLanguage\":\"es\"},{\"@type\":\"Organization\",\"@id\":\"https:\\\/\\\/nomesvending.com\\\/web\\\/#organization\",\"name\":\"Nom\u00e9sVending\",\"url\":\"https:\\\/\\\/nomesvending.com\\\/web\\\/\",\"logo\":{\"@type\":\"ImageObject\",\"inLanguage\":\"es\",\"@id\":\"https:\\\/\\\/nomesvending.com\\\/web\\\/#\\\/schema\\\/logo\\\/image\\\/\",\"url\":\"https:\\\/\\\/nomesvending.com\\\/web\\\/wp-content\\\/uploads\\\/2026\\\/03\\\/Red-and-White-Modern-Vending-Machine-Services-Instagram-Post.png\",\"contentUrl\":\"https:\\\/\\\/nomesvending.com\\\/web\\\/wp-content\\\/uploads\\\/2026\\\/03\\\/Red-and-White-Modern-Vending-Machine-Services-Instagram-Post.png\",\"width\":1080,\"height\":1080,\"caption\":\"Nom\u00e9sVending\"},\"image\":{\"@id\":\"https:\\\/\\\/nomesvending.com\\\/web\\\/#\\\/schema\\\/logo\\\/image\\\/\"},\"sameAs\":[\"https:\\\/\\\/www.facebook.com\\\/NomesVending\\\/\",\"https:\\\/\\\/www.instagram.com\\\/nomesvending\\\/\"]}]}<\/script>\n<!-- \/ Yoast SEO plugin. -->","yoast_head_json":{"title":"G 300 Krea ES4R F-D\/Q - Nomesvending","description":"G 300 Krea con leche en polvo, 1 molinillo y 3 solubles. M\u00e1quina de caf\u00e9 profesional compacta con pantalla t\u00e1ctil, ideal para oficinas y autoservicio.","robots":{"index":"index","follow":"follow","max-snippet":"max-snippet:-1","max-image-preview":"max-image-preview:large","max-video-preview":"max-video-preview:-1"},"canonical":"https:\/\/nomesvending.com\/web\/tienda\/maquinas\/maquinas-para-hoteles\/g-300-krea\/","og_locale":"es_ES","og_type":"article","og_title":"G 300 Krea ES4R F-D\/Q - Nomesvending","og_description":"G 300 Krea con leche en polvo, 1 molinillo y 3 solubles. M\u00e1quina de caf\u00e9 profesional compacta con pantalla t\u00e1ctil, ideal para oficinas y autoservicio.","og_url":"https:\/\/nomesvending.com\/web\/tienda\/maquinas\/maquinas-para-hoteles\/g-300-krea\/","og_site_name":"Nomesvending","article_publisher":"https:\/\/www.facebook.com\/NomesVending\/","article_modified_time":"2026-01-22T07:58:33+00:00","og_image":[{"width":900,"height":900,"url":"https:\/\/nomesvending.com\/web\/wp-content\/uploads\/2026\/01\/KALEA-300.jpg","type":"image\/jpeg"}],"twitter_card":"summary_large_image","twitter_misc":{"Tiempo de lectura":"1 minuto"},"schema":{"@context":"https:\/\/schema.org","@graph":[{"@type":"WebPage","@id":"https:\/\/nomesvending.com\/web\/tienda\/maquinas\/maquinas-para-hoteles\/g-300-krea\/","url":"https:\/\/nomesvending.com\/web\/tienda\/maquinas\/maquinas-para-hoteles\/g-300-krea\/","name":"G 300 Krea ES4R F-D\/Q - Nomesvending","isPartOf":{"@id":"https:\/\/nomesvending.com\/web\/#website"},"primaryImageOfPage":{"@id":"https:\/\/nomesvending.com\/web\/tienda\/maquinas\/maquinas-para-hoteles\/g-300-krea\/#primaryimage"},"image":{"@id":"https:\/\/nomesvending.com\/web\/tienda\/maquinas\/maquinas-para-hoteles\/g-300-krea\/#primaryimage"},"thumbnailUrl":"https:\/\/nomesvending.com\/web\/wp-content\/uploads\/2026\/01\/KALEA-300.jpg","datePublished":"2026-01-20T08:04:12+00:00","dateModified":"2026-01-22T07:58:33+00:00","description":"G 300 Krea con leche en polvo, 1 molinillo y 3 solubles. M\u00e1quina de caf\u00e9 profesional compacta con pantalla t\u00e1ctil, ideal para oficinas y autoservicio.","breadcrumb":{"@id":"https:\/\/nomesvending.com\/web\/tienda\/maquinas\/maquinas-para-hoteles\/g-300-krea\/#breadcrumb"},"inLanguage":"es","potentialAction":[{"@type":"ReadAction","target":["https:\/\/nomesvending.com\/web\/tienda\/maquinas\/maquinas-para-hoteles\/g-300-krea\/"]}]},{"@type":"ImageObject","inLanguage":"es","@id":"https:\/\/nomesvending.com\/web\/tienda\/maquinas\/maquinas-para-hoteles\/g-300-krea\/#primaryimage","url":"https:\/\/nomesvending.com\/web\/wp-content\/uploads\/2026\/01\/KALEA-300.jpg","contentUrl":"https:\/\/nomesvending.com\/web\/wp-content\/uploads\/2026\/01\/KALEA-300.jpg","width":900,"height":900},{"@type":"BreadcrumbList","@id":"https:\/\/nomesvending.com\/web\/tienda\/maquinas\/maquinas-para-hoteles\/g-300-krea\/#breadcrumb","itemListElement":[{"@type":"ListItem","position":1,"name":"Portada","item":"https:\/\/nomesvending.com\/web\/"},{"@type":"ListItem","position":2,"name":"Tienda","item":"https:\/\/nomesvending.com\/web\/tienda\/"},{"@type":"ListItem","position":3,"name":"G 300 Krea ES4R F-D\/Q"}]},{"@type":"WebSite","@id":"https:\/\/nomesvending.com\/web\/#website","url":"https:\/\/nomesvending.com\/web\/","name":"Nom\u00e9sVending","description":"M\u00e1quinas, filtros, recambios, monederos, consumibles y todo lo que necesitas para el mundo del vending. Calidad y tecnolog\u00eda para tu negocio. \u00a1Descubre nuestras soluciones!","publisher":{"@id":"https:\/\/nomesvending.com\/web\/#organization"},"potentialAction":[{"@type":"SearchAction","target":{"@type":"EntryPoint","urlTemplate":"https:\/\/nomesvending.com\/web\/?s={search_term_string}"},"query-input":{"@type":"PropertyValueSpecification","valueRequired":true,"valueName":"search_term_string"}}],"inLanguage":"es"},{"@type":"Organization","@id":"https:\/\/nomesvending.com\/web\/#organization","name":"Nom\u00e9sVending","url":"https:\/\/nomesvending.com\/web\/","logo":{"@type":"ImageObject","inLanguage":"es","@id":"https:\/\/nomesvending.com\/web\/#\/schema\/logo\/image\/","url":"https:\/\/nomesvending.com\/web\/wp-content\/uploads\/2026\/03\/Red-and-White-Modern-Vending-Machine-Services-Instagram-Post.png","contentUrl":"https:\/\/nomesvending.com\/web\/wp-content\/uploads\/2026\/03\/Red-and-White-Modern-Vending-Machine-Services-Instagram-Post.png","width":1080,"height":1080,"caption":"Nom\u00e9sVending"},"image":{"@id":"https:\/\/nomesvending.com\/web\/#\/schema\/logo\/image\/"},"sameAs":["https:\/\/www.facebook.com\/NomesVending\/","https:\/\/www.instagram.com\/nomesvending\/"]}]}},"_links":{"self":[{"href":"https:\/\/nomesvending.com\/web\/wp-json\/wp\/v2\/product\/27212","targetHints":{"allow":["GET"]}}],"collection":[{"href":"https:\/\/nomesvending.com\/web\/wp-json\/wp\/v2\/product"}],"about":[{"href":"https:\/\/nomesvending.com\/web\/wp-json\/wp\/v2\/types\/product"}],"replies":[{"embeddable":true,"href":"https:\/\/nomesvending.com\/web\/wp-json\/wp\/v2\/comments?post=27212"}],"wp:featuredmedia":[{"embeddable":true,"href":"https:\/\/nomesvending.com\/web\/wp-json\/wp\/v2\/media\/27213"}],"wp:attachment":[{"href":"https:\/\/nomesvending.com\/web\/wp-json\/wp\/v2\/media?parent=27212"}],"wp:term":[{"taxonomy":"product_brand","embeddable":true,"href":"https:\/\/nomesvending.com\/web\/wp-json\/wp\/v2\/product_brand?post=27212"},{"taxonomy":"product_cat","embeddable":true,"href":"https:\/\/nomesvending.com\/web\/wp-json\/wp\/v2\/product_cat?post=27212"},{"taxonomy":"product_tag","embeddable":true,"href":"https:\/\/nomesvending.com\/web\/wp-json\/wp\/v2\/product_tag?post=27212"}],"curies":[{"name":"wp","href":"https:\/\/api.w.org\/{rel}","templated":true}]}}