{"id":27226,"date":"2026-01-20T08:33:08","date_gmt":"2026-01-20T08:33:08","guid":{"rendered":"https:\/\/nomesvending.com\/web\/?post_type=product&#038;p=27226"},"modified":"2026-01-22T07:47:46","modified_gmt":"2026-01-22T07:47:46","slug":"g-100-es3rm-iq","status":"publish","type":"product","link":"https:\/\/nomesvending.com\/web\/tienda\/maquinas\/maquinas-para-hoteles\/g-100-es3rm-iq\/","title":{"rendered":"G 100 ES3RM\/IQ"},"content":{"rendered":"<p><a style=\"display: inline-block; background-color: #a1a895; color: #ffffff; padding: 10px 20px; border-radius: 5px; text-decoration: none; font-weight: bold; font-family: sans-serif;\" href=\"https:\/\/nomesvending.com\/web\/wp-content\/uploads\/2026\/01\/G-100-Catalogo.pdf\" target=\"_blank\" rel=\"noopener\"> Descarga Cat\u00e1logo<\/a><\/p>\n<p>La <strong data-start=\"195\" data-end=\"213\">G 100 ES3RM\/IQ<\/strong> es una m\u00e1quina de caf\u00e9 profesional <strong data-start=\"249\" data-end=\"272\">compacta y vers\u00e1til<\/strong>, ideal para oficinas, peque\u00f1os espacios de autoservicio o locales con consumo medio. Incorpora <strong data-start=\"368\" data-end=\"410\">tecnolog\u00eda PrimeMilk para leche fresca<\/strong>, que asegura una espuma cremosa y uniforme en cada bebida.<br data-start=\"469\" data-end=\"472\" \/>Equipada con <strong data-start=\"485\" data-end=\"505\">bomba vibratoria<\/strong>, <strong data-start=\"507\" data-end=\"540\">un molinillo de caf\u00e9 en grano<\/strong> y <strong data-start=\"543\" data-end=\"581\">dos tolvas para productos solubles<\/strong>, permite preparar una amplia variedad de bebidas calientes. Su grupo de erogaci\u00f3n <strong data-start=\"664\" data-end=\"681\">Z4000 (6\u20138 g)<\/strong> ofrece extracciones precisas y un consumo eficiente de caf\u00e9.<br data-start=\"742\" data-end=\"745\" data-is-only-node=\"\" \/>La <strong data-start=\"748\" data-end=\"774\">pantalla t\u00e1ctil de 7\u2019\u2019<\/strong> permite un manejo intuitivo, con hasta <strong data-start=\"814\" data-end=\"852\">15 selecciones directas por p\u00e1gina<\/strong>. Dispone de calderas de caf\u00e9 y vapor de 500\u202fcc, lanza de agua caliente (con opci\u00f3n de lanza de vapor bajo pedido) y conexi\u00f3n a la red de agua, compatible con tanque externo. La producci\u00f3n recomendada es de <strong data-start=\"1059\" data-end=\"1086\">hasta 100 tazas diarias<\/strong>, combinando eficiencia, dise\u00f1o compacto y facilidad de uso profesional.<\/p>\n","protected":false},"excerpt":{"rendered":"<p>M\u00e1quina de caf\u00e9 profesional compacta con PrimeMilk, 1 molinillo y 2 solubles. Grupo Z4000 6\u20138 g y pantalla t\u00e1ctil de 7\u2019\u2019.<\/p>\n","protected":false},"featured_media":27222,"comment_status":"open","ping_status":"closed","template":"","meta":[],"product_brand":[227,271],"product_cat":[151,277],"product_tag":[],"class_list":{"0":"post-27226","1":"product","2":"type-product","3":"status-publish","4":"has-post-thumbnail","6":"product_brand-evoca","7":"product_brand-gaggia","8":"product_cat-maquinas","9":"product_cat-maquinas-para-hoteles","11":"first","12":"instock","13":"taxable","14":"shipping-taxable","15":"purchasable","16":"product-type-simple"},"yoast_head":"<!-- This site is optimized with the Yoast SEO plugin v27.5 - https:\/\/yoast.com\/product\/yoast-seo-wordpress\/ -->\n<title>G 100 ES3RM\/IQ - Nomesvending<\/title>\n<meta name=\"description\" content=\"G 100 ES3RM\/IQ: m\u00e1quina de caf\u00e9 profesional compacta con leche fresca PrimeMilk, 1 molinillo y 2 solubles. Ideal para oficinas y autoservicio.\" \/>\n<meta name=\"robots\" content=\"index, follow, max-snippet:-1, max-image-preview:large, max-video-preview:-1\" \/>\n<link rel=\"canonical\" href=\"https:\/\/nomesvending.com\/web\/tienda\/maquinas\/maquinas-para-hoteles\/g-100-es3rm-iq\/\" \/>\n<meta property=\"og:locale\" content=\"es_ES\" \/>\n<meta property=\"og:type\" content=\"article\" \/>\n<meta property=\"og:title\" content=\"G 100 ES3RM\/IQ - Nomesvending\" \/>\n<meta property=\"og:description\" content=\"G 100 ES3RM\/IQ: m\u00e1quina de caf\u00e9 profesional compacta con leche fresca PrimeMilk, 1 molinillo y 2 solubles. Ideal para oficinas y autoservicio.\" \/>\n<meta property=\"og:url\" content=\"https:\/\/nomesvending.com\/web\/tienda\/maquinas\/maquinas-para-hoteles\/g-100-es3rm-iq\/\" \/>\n<meta property=\"og:site_name\" content=\"Nomesvending\" \/>\n<meta property=\"article:publisher\" content=\"https:\/\/www.facebook.com\/NomesVending\/\" \/>\n<meta property=\"article:modified_time\" content=\"2026-01-22T07:47:46+00:00\" \/>\n<meta property=\"og:image\" content=\"https:\/\/nomesvending.com\/web\/wp-content\/uploads\/2026\/01\/KREA-100-2.jpg\" \/>\n\t<meta property=\"og:image:width\" content=\"900\" \/>\n\t<meta property=\"og:image:height\" content=\"900\" \/>\n\t<meta property=\"og:image:type\" content=\"image\/jpeg\" \/>\n<meta name=\"twitter:card\" content=\"summary_large_image\" \/>\n<meta name=\"twitter:label1\" content=\"Tiempo de lectura\" \/>\n\t<meta name=\"twitter:data1\" content=\"1 minuto\" \/>\n<script type=\"application\/ld+json\" class=\"yoast-schema-graph\">{\"@context\":\"https:\\\/\\\/schema.org\",\"@graph\":[{\"@type\":\"WebPage\",\"@id\":\"https:\\\/\\\/nomesvending.com\\\/web\\\/tienda\\\/maquinas\\\/maquinas-para-hoteles\\\/g-100-es3rm-iq\\\/\",\"url\":\"https:\\\/\\\/nomesvending.com\\\/web\\\/tienda\\\/maquinas\\\/maquinas-para-hoteles\\\/g-100-es3rm-iq\\\/\",\"name\":\"G 100 ES3RM\\\/IQ - Nomesvending\",\"isPartOf\":{\"@id\":\"https:\\\/\\\/nomesvending.com\\\/web\\\/#website\"},\"primaryImageOfPage\":{\"@id\":\"https:\\\/\\\/nomesvending.com\\\/web\\\/tienda\\\/maquinas\\\/maquinas-para-hoteles\\\/g-100-es3rm-iq\\\/#primaryimage\"},\"image\":{\"@id\":\"https:\\\/\\\/nomesvending.com\\\/web\\\/tienda\\\/maquinas\\\/maquinas-para-hoteles\\\/g-100-es3rm-iq\\\/#primaryimage\"},\"thumbnailUrl\":\"https:\\\/\\\/nomesvending.com\\\/web\\\/wp-content\\\/uploads\\\/2026\\\/01\\\/KREA-100-2.jpg\",\"datePublished\":\"2026-01-20T08:33:08+00:00\",\"dateModified\":\"2026-01-22T07:47:46+00:00\",\"description\":\"G 100 ES3RM\\\/IQ: m\u00e1quina de caf\u00e9 profesional compacta con leche fresca PrimeMilk, 1 molinillo y 2 solubles. Ideal para oficinas y autoservicio.\",\"breadcrumb\":{\"@id\":\"https:\\\/\\\/nomesvending.com\\\/web\\\/tienda\\\/maquinas\\\/maquinas-para-hoteles\\\/g-100-es3rm-iq\\\/#breadcrumb\"},\"inLanguage\":\"es\",\"potentialAction\":[{\"@type\":\"ReadAction\",\"target\":[\"https:\\\/\\\/nomesvending.com\\\/web\\\/tienda\\\/maquinas\\\/maquinas-para-hoteles\\\/g-100-es3rm-iq\\\/\"]}]},{\"@type\":\"ImageObject\",\"inLanguage\":\"es\",\"@id\":\"https:\\\/\\\/nomesvending.com\\\/web\\\/tienda\\\/maquinas\\\/maquinas-para-hoteles\\\/g-100-es3rm-iq\\\/#primaryimage\",\"url\":\"https:\\\/\\\/nomesvending.com\\\/web\\\/wp-content\\\/uploads\\\/2026\\\/01\\\/KREA-100-2.jpg\",\"contentUrl\":\"https:\\\/\\\/nomesvending.com\\\/web\\\/wp-content\\\/uploads\\\/2026\\\/01\\\/KREA-100-2.jpg\",\"width\":900,\"height\":900},{\"@type\":\"BreadcrumbList\",\"@id\":\"https:\\\/\\\/nomesvending.com\\\/web\\\/tienda\\\/maquinas\\\/maquinas-para-hoteles\\\/g-100-es3rm-iq\\\/#breadcrumb\",\"itemListElement\":[{\"@type\":\"ListItem\",\"position\":1,\"name\":\"Portada\",\"item\":\"https:\\\/\\\/nomesvending.com\\\/web\\\/\"},{\"@type\":\"ListItem\",\"position\":2,\"name\":\"Tienda\",\"item\":\"https:\\\/\\\/nomesvending.com\\\/web\\\/tienda\\\/\"},{\"@type\":\"ListItem\",\"position\":3,\"name\":\"G 100 ES3RM\\\/IQ\"}]},{\"@type\":\"WebSite\",\"@id\":\"https:\\\/\\\/nomesvending.com\\\/web\\\/#website\",\"url\":\"https:\\\/\\\/nomesvending.com\\\/web\\\/\",\"name\":\"Nom\u00e9sVending\",\"description\":\"M\u00e1quinas, filtros, recambios, monederos, consumibles y todo lo que necesitas para el mundo del vending. Calidad y tecnolog\u00eda para tu negocio. \u00a1Descubre nuestras soluciones!\",\"publisher\":{\"@id\":\"https:\\\/\\\/nomesvending.com\\\/web\\\/#organization\"},\"potentialAction\":[{\"@type\":\"SearchAction\",\"target\":{\"@type\":\"EntryPoint\",\"urlTemplate\":\"https:\\\/\\\/nomesvending.com\\\/web\\\/?s={search_term_string}\"},\"query-input\":{\"@type\":\"PropertyValueSpecification\",\"valueRequired\":true,\"valueName\":\"search_term_string\"}}],\"inLanguage\":\"es\"},{\"@type\":\"Organization\",\"@id\":\"https:\\\/\\\/nomesvending.com\\\/web\\\/#organization\",\"name\":\"Nom\u00e9sVending\",\"url\":\"https:\\\/\\\/nomesvending.com\\\/web\\\/\",\"logo\":{\"@type\":\"ImageObject\",\"inLanguage\":\"es\",\"@id\":\"https:\\\/\\\/nomesvending.com\\\/web\\\/#\\\/schema\\\/logo\\\/image\\\/\",\"url\":\"https:\\\/\\\/nomesvending.com\\\/web\\\/wp-content\\\/uploads\\\/2026\\\/03\\\/Red-and-White-Modern-Vending-Machine-Services-Instagram-Post.png\",\"contentUrl\":\"https:\\\/\\\/nomesvending.com\\\/web\\\/wp-content\\\/uploads\\\/2026\\\/03\\\/Red-and-White-Modern-Vending-Machine-Services-Instagram-Post.png\",\"width\":1080,\"height\":1080,\"caption\":\"Nom\u00e9sVending\"},\"image\":{\"@id\":\"https:\\\/\\\/nomesvending.com\\\/web\\\/#\\\/schema\\\/logo\\\/image\\\/\"},\"sameAs\":[\"https:\\\/\\\/www.facebook.com\\\/NomesVending\\\/\",\"https:\\\/\\\/www.instagram.com\\\/nomesvending\\\/\"]}]}<\/script>\n<!-- \/ Yoast SEO plugin. -->","yoast_head_json":{"title":"G 100 ES3RM\/IQ - Nomesvending","description":"G 100 ES3RM\/IQ: m\u00e1quina de caf\u00e9 profesional compacta con leche fresca PrimeMilk, 1 molinillo y 2 solubles. Ideal para oficinas y autoservicio.","robots":{"index":"index","follow":"follow","max-snippet":"max-snippet:-1","max-image-preview":"max-image-preview:large","max-video-preview":"max-video-preview:-1"},"canonical":"https:\/\/nomesvending.com\/web\/tienda\/maquinas\/maquinas-para-hoteles\/g-100-es3rm-iq\/","og_locale":"es_ES","og_type":"article","og_title":"G 100 ES3RM\/IQ - Nomesvending","og_description":"G 100 ES3RM\/IQ: m\u00e1quina de caf\u00e9 profesional compacta con leche fresca PrimeMilk, 1 molinillo y 2 solubles. Ideal para oficinas y autoservicio.","og_url":"https:\/\/nomesvending.com\/web\/tienda\/maquinas\/maquinas-para-hoteles\/g-100-es3rm-iq\/","og_site_name":"Nomesvending","article_publisher":"https:\/\/www.facebook.com\/NomesVending\/","article_modified_time":"2026-01-22T07:47:46+00:00","og_image":[{"width":900,"height":900,"url":"https:\/\/nomesvending.com\/web\/wp-content\/uploads\/2026\/01\/KREA-100-2.jpg","type":"image\/jpeg"}],"twitter_card":"summary_large_image","twitter_misc":{"Tiempo de lectura":"1 minuto"},"schema":{"@context":"https:\/\/schema.org","@graph":[{"@type":"WebPage","@id":"https:\/\/nomesvending.com\/web\/tienda\/maquinas\/maquinas-para-hoteles\/g-100-es3rm-iq\/","url":"https:\/\/nomesvending.com\/web\/tienda\/maquinas\/maquinas-para-hoteles\/g-100-es3rm-iq\/","name":"G 100 ES3RM\/IQ - Nomesvending","isPartOf":{"@id":"https:\/\/nomesvending.com\/web\/#website"},"primaryImageOfPage":{"@id":"https:\/\/nomesvending.com\/web\/tienda\/maquinas\/maquinas-para-hoteles\/g-100-es3rm-iq\/#primaryimage"},"image":{"@id":"https:\/\/nomesvending.com\/web\/tienda\/maquinas\/maquinas-para-hoteles\/g-100-es3rm-iq\/#primaryimage"},"thumbnailUrl":"https:\/\/nomesvending.com\/web\/wp-content\/uploads\/2026\/01\/KREA-100-2.jpg","datePublished":"2026-01-20T08:33:08+00:00","dateModified":"2026-01-22T07:47:46+00:00","description":"G 100 ES3RM\/IQ: m\u00e1quina de caf\u00e9 profesional compacta con leche fresca PrimeMilk, 1 molinillo y 2 solubles. Ideal para oficinas y autoservicio.","breadcrumb":{"@id":"https:\/\/nomesvending.com\/web\/tienda\/maquinas\/maquinas-para-hoteles\/g-100-es3rm-iq\/#breadcrumb"},"inLanguage":"es","potentialAction":[{"@type":"ReadAction","target":["https:\/\/nomesvending.com\/web\/tienda\/maquinas\/maquinas-para-hoteles\/g-100-es3rm-iq\/"]}]},{"@type":"ImageObject","inLanguage":"es","@id":"https:\/\/nomesvending.com\/web\/tienda\/maquinas\/maquinas-para-hoteles\/g-100-es3rm-iq\/#primaryimage","url":"https:\/\/nomesvending.com\/web\/wp-content\/uploads\/2026\/01\/KREA-100-2.jpg","contentUrl":"https:\/\/nomesvending.com\/web\/wp-content\/uploads\/2026\/01\/KREA-100-2.jpg","width":900,"height":900},{"@type":"BreadcrumbList","@id":"https:\/\/nomesvending.com\/web\/tienda\/maquinas\/maquinas-para-hoteles\/g-100-es3rm-iq\/#breadcrumb","itemListElement":[{"@type":"ListItem","position":1,"name":"Portada","item":"https:\/\/nomesvending.com\/web\/"},{"@type":"ListItem","position":2,"name":"Tienda","item":"https:\/\/nomesvending.com\/web\/tienda\/"},{"@type":"ListItem","position":3,"name":"G 100 ES3RM\/IQ"}]},{"@type":"WebSite","@id":"https:\/\/nomesvending.com\/web\/#website","url":"https:\/\/nomesvending.com\/web\/","name":"Nom\u00e9sVending","description":"M\u00e1quinas, filtros, recambios, monederos, consumibles y todo lo que necesitas para el mundo del vending. Calidad y tecnolog\u00eda para tu negocio. \u00a1Descubre nuestras soluciones!","publisher":{"@id":"https:\/\/nomesvending.com\/web\/#organization"},"potentialAction":[{"@type":"SearchAction","target":{"@type":"EntryPoint","urlTemplate":"https:\/\/nomesvending.com\/web\/?s={search_term_string}"},"query-input":{"@type":"PropertyValueSpecification","valueRequired":true,"valueName":"search_term_string"}}],"inLanguage":"es"},{"@type":"Organization","@id":"https:\/\/nomesvending.com\/web\/#organization","name":"Nom\u00e9sVending","url":"https:\/\/nomesvending.com\/web\/","logo":{"@type":"ImageObject","inLanguage":"es","@id":"https:\/\/nomesvending.com\/web\/#\/schema\/logo\/image\/","url":"https:\/\/nomesvending.com\/web\/wp-content\/uploads\/2026\/03\/Red-and-White-Modern-Vending-Machine-Services-Instagram-Post.png","contentUrl":"https:\/\/nomesvending.com\/web\/wp-content\/uploads\/2026\/03\/Red-and-White-Modern-Vending-Machine-Services-Instagram-Post.png","width":1080,"height":1080,"caption":"Nom\u00e9sVending"},"image":{"@id":"https:\/\/nomesvending.com\/web\/#\/schema\/logo\/image\/"},"sameAs":["https:\/\/www.facebook.com\/NomesVending\/","https:\/\/www.instagram.com\/nomesvending\/"]}]}},"_links":{"self":[{"href":"https:\/\/nomesvending.com\/web\/wp-json\/wp\/v2\/product\/27226","targetHints":{"allow":["GET"]}}],"collection":[{"href":"https:\/\/nomesvending.com\/web\/wp-json\/wp\/v2\/product"}],"about":[{"href":"https:\/\/nomesvending.com\/web\/wp-json\/wp\/v2\/types\/product"}],"replies":[{"embeddable":true,"href":"https:\/\/nomesvending.com\/web\/wp-json\/wp\/v2\/comments?post=27226"}],"wp:featuredmedia":[{"embeddable":true,"href":"https:\/\/nomesvending.com\/web\/wp-json\/wp\/v2\/media\/27222"}],"wp:attachment":[{"href":"https:\/\/nomesvending.com\/web\/wp-json\/wp\/v2\/media?parent=27226"}],"wp:term":[{"taxonomy":"product_brand","embeddable":true,"href":"https:\/\/nomesvending.com\/web\/wp-json\/wp\/v2\/product_brand?post=27226"},{"taxonomy":"product_cat","embeddable":true,"href":"https:\/\/nomesvending.com\/web\/wp-json\/wp\/v2\/product_cat?post=27226"},{"taxonomy":"product_tag","embeddable":true,"href":"https:\/\/nomesvending.com\/web\/wp-json\/wp\/v2\/product_tag?post=27226"}],"curies":[{"name":"wp","href":"https:\/\/api.w.org\/{rel}","templated":true}]}}