{"id":27239,"date":"2026-01-20T09:12:43","date_gmt":"2026-01-20T09:12:43","guid":{"rendered":"https:\/\/nomesvending.com\/web\/?post_type=product&#038;p=27239"},"modified":"2026-01-20T09:16:06","modified_gmt":"2026-01-20T09:16:06","slug":"gs-masterbrew-2b2c","status":"publish","type":"product","link":"https:\/\/nomesvending.com\/web\/tienda\/maquinas\/maquinas-para-hoteles\/gs-masterbrew-2b2c\/","title":{"rendered":"GS MasterBrew-B2C H 4 EU Q"},"content":{"rendered":"<p><a style=\"display: inline-block; background-color: #a1a895; color: #ffffff; padding: 10px 20px; border-radius: 5px; text-decoration: none; font-weight: bold; font-family: sans-serif;\" href=\"https:\/\/nomesvending.com\/web\/wp-content\/uploads\/2026\/01\/GAGGIA.pdf\" target=\"_blank\" rel=\"noopener\"> Descarga Cat\u00e1logo<\/a><\/p>\n<p>La <strong data-start=\"199\" data-end=\"229\">GS MasterBrew-B2C H 4 EU Q<\/strong> es una m\u00e1quina de caf\u00e9 profesional <strong data-start=\"265\" data-end=\"288\">de alto rendimiento<\/strong>, dise\u00f1ada para oficinas, restaurantes y entornos de autoservicio con consumo medio-alto. Incorpora <strong data-start=\"388\" data-end=\"420\">tecnolog\u00eda de leche en polvo<\/strong>, que permite preparar r\u00e1pidamente bebidas con leche, manteniendo facilidad de limpieza y consistencia en cada servicio.<br data-start=\"540\" data-end=\"543\" \/>Equipada con <strong data-start=\"556\" data-end=\"574\">bomba rotativa<\/strong>, <strong data-start=\"576\" data-end=\"609\">un molinillo de caf\u00e9 en grano<\/strong> y <strong data-start=\"612\" data-end=\"651\">tres tolvas para productos solubles<\/strong>, ofrece una amplia variedad de recetas calientes, desde caf\u00e9s tradicionales hasta chocolates y capuccinos. Su grupo de erogaci\u00f3n <strong data-start=\"781\" data-end=\"799\">Z4000 (7\u201314 g)<\/strong> garantiza extracciones precisas y uniformes.<br data-start=\"844\" data-end=\"847\" data-is-only-node=\"\" \/>La <strong data-start=\"850\" data-end=\"877\">pantalla t\u00e1ctil de 12\u2019\u2019<\/strong> proporciona un manejo intuitivo y permite configurar hasta <strong data-start=\"937\" data-end=\"962\">15 bebidas por p\u00e1gina<\/strong>. Con una producci\u00f3n recomendada de <strong data-start=\"998\" data-end=\"1025\">hasta 250 tazas diarias<\/strong>, capacidad de tolvas de caf\u00e9 de 2\u202fkg y productos solubles de 2,7\u202fl cada una, y conexi\u00f3n a la red de agua (compatible con tanque externo), la GS MasterBrew-B2C combina versatilidad, eficiencia y facilidad de uso profesional.<\/p>\n","protected":false},"excerpt":{"rendered":"<p>M\u00e1quina de caf\u00e9 profesional con leche en polvo, 1 molinillo y 3 solubles. Pantalla t\u00e1ctil de 12\u2019\u2019 y capacidad para hasta 250 tazas diarias.<\/p>\n","protected":false},"featured_media":27237,"comment_status":"open","ping_status":"closed","template":"","meta":[],"product_brand":[227],"product_cat":[151,277],"product_tag":[],"class_list":{"0":"post-27239","1":"product","2":"type-product","3":"status-publish","4":"has-post-thumbnail","6":"product_brand-evoca","7":"product_cat-maquinas","8":"product_cat-maquinas-para-hoteles","10":"first","11":"instock","12":"taxable","13":"shipping-taxable","14":"purchasable","15":"product-type-simple"},"yoast_head":"<!-- This site is optimized with the Yoast SEO plugin v27.5 - https:\/\/yoast.com\/product\/yoast-seo-wordpress\/ -->\n<title>GS MasterBrew-B2C H 4 EU Q - Nomesvending<\/title>\n<meta name=\"description\" content=\"GS MasterBrew-B2C H 4 EU Q: m\u00e1quina de caf\u00e9 profesional con leche en polvo, 1 molinillo y 3 solubles. Ideal para oficinas, hosteler\u00eda y autoservicio.\" \/>\n<meta name=\"robots\" content=\"index, follow, max-snippet:-1, max-image-preview:large, max-video-preview:-1\" \/>\n<link rel=\"canonical\" href=\"https:\/\/nomesvending.com\/web\/tienda\/maquinas\/maquinas-para-hoteles\/gs-masterbrew-2b2c\/\" \/>\n<meta property=\"og:locale\" content=\"es_ES\" \/>\n<meta property=\"og:type\" content=\"article\" \/>\n<meta property=\"og:title\" content=\"GS MasterBrew-B2C H 4 EU Q - Nomesvending\" \/>\n<meta property=\"og:description\" content=\"GS MasterBrew-B2C H 4 EU Q: m\u00e1quina de caf\u00e9 profesional con leche en polvo, 1 molinillo y 3 solubles. Ideal para oficinas, hosteler\u00eda y autoservicio.\" \/>\n<meta property=\"og:url\" content=\"https:\/\/nomesvending.com\/web\/tienda\/maquinas\/maquinas-para-hoteles\/gs-masterbrew-2b2c\/\" \/>\n<meta property=\"og:site_name\" content=\"Nomesvending\" \/>\n<meta property=\"article:publisher\" content=\"https:\/\/www.facebook.com\/NomesVending\/\" \/>\n<meta property=\"article:modified_time\" content=\"2026-01-20T09:16:06+00:00\" \/>\n<meta property=\"og:image\" content=\"https:\/\/nomesvending.com\/web\/wp-content\/uploads\/2026\/01\/KREA-100-3.jpg\" \/>\n\t<meta property=\"og:image:width\" content=\"900\" \/>\n\t<meta property=\"og:image:height\" content=\"900\" \/>\n\t<meta property=\"og:image:type\" content=\"image\/jpeg\" \/>\n<meta name=\"twitter:card\" content=\"summary_large_image\" \/>\n<meta name=\"twitter:label1\" content=\"Tiempo de lectura\" \/>\n\t<meta name=\"twitter:data1\" content=\"1 minuto\" \/>\n<script type=\"application\/ld+json\" class=\"yoast-schema-graph\">{\"@context\":\"https:\\\/\\\/schema.org\",\"@graph\":[{\"@type\":\"WebPage\",\"@id\":\"https:\\\/\\\/nomesvending.com\\\/web\\\/tienda\\\/maquinas\\\/maquinas-para-hoteles\\\/gs-masterbrew-2b2c\\\/\",\"url\":\"https:\\\/\\\/nomesvending.com\\\/web\\\/tienda\\\/maquinas\\\/maquinas-para-hoteles\\\/gs-masterbrew-2b2c\\\/\",\"name\":\"GS MasterBrew-B2C H 4 EU Q - Nomesvending\",\"isPartOf\":{\"@id\":\"https:\\\/\\\/nomesvending.com\\\/web\\\/#website\"},\"primaryImageOfPage\":{\"@id\":\"https:\\\/\\\/nomesvending.com\\\/web\\\/tienda\\\/maquinas\\\/maquinas-para-hoteles\\\/gs-masterbrew-2b2c\\\/#primaryimage\"},\"image\":{\"@id\":\"https:\\\/\\\/nomesvending.com\\\/web\\\/tienda\\\/maquinas\\\/maquinas-para-hoteles\\\/gs-masterbrew-2b2c\\\/#primaryimage\"},\"thumbnailUrl\":\"https:\\\/\\\/nomesvending.com\\\/web\\\/wp-content\\\/uploads\\\/2026\\\/01\\\/KREA-100-3.jpg\",\"datePublished\":\"2026-01-20T09:12:43+00:00\",\"dateModified\":\"2026-01-20T09:16:06+00:00\",\"description\":\"GS MasterBrew-B2C H 4 EU Q: m\u00e1quina de caf\u00e9 profesional con leche en polvo, 1 molinillo y 3 solubles. Ideal para oficinas, hosteler\u00eda y autoservicio.\",\"breadcrumb\":{\"@id\":\"https:\\\/\\\/nomesvending.com\\\/web\\\/tienda\\\/maquinas\\\/maquinas-para-hoteles\\\/gs-masterbrew-2b2c\\\/#breadcrumb\"},\"inLanguage\":\"es\",\"potentialAction\":[{\"@type\":\"ReadAction\",\"target\":[\"https:\\\/\\\/nomesvending.com\\\/web\\\/tienda\\\/maquinas\\\/maquinas-para-hoteles\\\/gs-masterbrew-2b2c\\\/\"]}]},{\"@type\":\"ImageObject\",\"inLanguage\":\"es\",\"@id\":\"https:\\\/\\\/nomesvending.com\\\/web\\\/tienda\\\/maquinas\\\/maquinas-para-hoteles\\\/gs-masterbrew-2b2c\\\/#primaryimage\",\"url\":\"https:\\\/\\\/nomesvending.com\\\/web\\\/wp-content\\\/uploads\\\/2026\\\/01\\\/KREA-100-3.jpg\",\"contentUrl\":\"https:\\\/\\\/nomesvending.com\\\/web\\\/wp-content\\\/uploads\\\/2026\\\/01\\\/KREA-100-3.jpg\",\"width\":900,\"height\":900,\"caption\":\"GS MasterBrew-2B2C\"},{\"@type\":\"BreadcrumbList\",\"@id\":\"https:\\\/\\\/nomesvending.com\\\/web\\\/tienda\\\/maquinas\\\/maquinas-para-hoteles\\\/gs-masterbrew-2b2c\\\/#breadcrumb\",\"itemListElement\":[{\"@type\":\"ListItem\",\"position\":1,\"name\":\"Portada\",\"item\":\"https:\\\/\\\/nomesvending.com\\\/web\\\/\"},{\"@type\":\"ListItem\",\"position\":2,\"name\":\"Tienda\",\"item\":\"https:\\\/\\\/nomesvending.com\\\/web\\\/tienda\\\/\"},{\"@type\":\"ListItem\",\"position\":3,\"name\":\"GS MasterBrew-B2C H 4 EU Q\"}]},{\"@type\":\"WebSite\",\"@id\":\"https:\\\/\\\/nomesvending.com\\\/web\\\/#website\",\"url\":\"https:\\\/\\\/nomesvending.com\\\/web\\\/\",\"name\":\"Nom\u00e9sVending\",\"description\":\"M\u00e1quinas, filtros, recambios, monederos, consumibles y todo lo que necesitas para el mundo del vending. Calidad y tecnolog\u00eda para tu negocio. \u00a1Descubre nuestras soluciones!\",\"publisher\":{\"@id\":\"https:\\\/\\\/nomesvending.com\\\/web\\\/#organization\"},\"potentialAction\":[{\"@type\":\"SearchAction\",\"target\":{\"@type\":\"EntryPoint\",\"urlTemplate\":\"https:\\\/\\\/nomesvending.com\\\/web\\\/?s={search_term_string}\"},\"query-input\":{\"@type\":\"PropertyValueSpecification\",\"valueRequired\":true,\"valueName\":\"search_term_string\"}}],\"inLanguage\":\"es\"},{\"@type\":\"Organization\",\"@id\":\"https:\\\/\\\/nomesvending.com\\\/web\\\/#organization\",\"name\":\"Nom\u00e9sVending\",\"url\":\"https:\\\/\\\/nomesvending.com\\\/web\\\/\",\"logo\":{\"@type\":\"ImageObject\",\"inLanguage\":\"es\",\"@id\":\"https:\\\/\\\/nomesvending.com\\\/web\\\/#\\\/schema\\\/logo\\\/image\\\/\",\"url\":\"https:\\\/\\\/nomesvending.com\\\/web\\\/wp-content\\\/uploads\\\/2026\\\/03\\\/Red-and-White-Modern-Vending-Machine-Services-Instagram-Post.png\",\"contentUrl\":\"https:\\\/\\\/nomesvending.com\\\/web\\\/wp-content\\\/uploads\\\/2026\\\/03\\\/Red-and-White-Modern-Vending-Machine-Services-Instagram-Post.png\",\"width\":1080,\"height\":1080,\"caption\":\"Nom\u00e9sVending\"},\"image\":{\"@id\":\"https:\\\/\\\/nomesvending.com\\\/web\\\/#\\\/schema\\\/logo\\\/image\\\/\"},\"sameAs\":[\"https:\\\/\\\/www.facebook.com\\\/NomesVending\\\/\",\"https:\\\/\\\/www.instagram.com\\\/nomesvending\\\/\"]}]}<\/script>\n<!-- \/ Yoast SEO plugin. -->","yoast_head_json":{"title":"GS MasterBrew-B2C H 4 EU Q - Nomesvending","description":"GS MasterBrew-B2C H 4 EU Q: m\u00e1quina de caf\u00e9 profesional con leche en polvo, 1 molinillo y 3 solubles. Ideal para oficinas, hosteler\u00eda y autoservicio.","robots":{"index":"index","follow":"follow","max-snippet":"max-snippet:-1","max-image-preview":"max-image-preview:large","max-video-preview":"max-video-preview:-1"},"canonical":"https:\/\/nomesvending.com\/web\/tienda\/maquinas\/maquinas-para-hoteles\/gs-masterbrew-2b2c\/","og_locale":"es_ES","og_type":"article","og_title":"GS MasterBrew-B2C H 4 EU Q - Nomesvending","og_description":"GS MasterBrew-B2C H 4 EU Q: m\u00e1quina de caf\u00e9 profesional con leche en polvo, 1 molinillo y 3 solubles. Ideal para oficinas, hosteler\u00eda y autoservicio.","og_url":"https:\/\/nomesvending.com\/web\/tienda\/maquinas\/maquinas-para-hoteles\/gs-masterbrew-2b2c\/","og_site_name":"Nomesvending","article_publisher":"https:\/\/www.facebook.com\/NomesVending\/","article_modified_time":"2026-01-20T09:16:06+00:00","og_image":[{"width":900,"height":900,"url":"https:\/\/nomesvending.com\/web\/wp-content\/uploads\/2026\/01\/KREA-100-3.jpg","type":"image\/jpeg"}],"twitter_card":"summary_large_image","twitter_misc":{"Tiempo de lectura":"1 minuto"},"schema":{"@context":"https:\/\/schema.org","@graph":[{"@type":"WebPage","@id":"https:\/\/nomesvending.com\/web\/tienda\/maquinas\/maquinas-para-hoteles\/gs-masterbrew-2b2c\/","url":"https:\/\/nomesvending.com\/web\/tienda\/maquinas\/maquinas-para-hoteles\/gs-masterbrew-2b2c\/","name":"GS MasterBrew-B2C H 4 EU Q - Nomesvending","isPartOf":{"@id":"https:\/\/nomesvending.com\/web\/#website"},"primaryImageOfPage":{"@id":"https:\/\/nomesvending.com\/web\/tienda\/maquinas\/maquinas-para-hoteles\/gs-masterbrew-2b2c\/#primaryimage"},"image":{"@id":"https:\/\/nomesvending.com\/web\/tienda\/maquinas\/maquinas-para-hoteles\/gs-masterbrew-2b2c\/#primaryimage"},"thumbnailUrl":"https:\/\/nomesvending.com\/web\/wp-content\/uploads\/2026\/01\/KREA-100-3.jpg","datePublished":"2026-01-20T09:12:43+00:00","dateModified":"2026-01-20T09:16:06+00:00","description":"GS MasterBrew-B2C H 4 EU Q: m\u00e1quina de caf\u00e9 profesional con leche en polvo, 1 molinillo y 3 solubles. Ideal para oficinas, hosteler\u00eda y autoservicio.","breadcrumb":{"@id":"https:\/\/nomesvending.com\/web\/tienda\/maquinas\/maquinas-para-hoteles\/gs-masterbrew-2b2c\/#breadcrumb"},"inLanguage":"es","potentialAction":[{"@type":"ReadAction","target":["https:\/\/nomesvending.com\/web\/tienda\/maquinas\/maquinas-para-hoteles\/gs-masterbrew-2b2c\/"]}]},{"@type":"ImageObject","inLanguage":"es","@id":"https:\/\/nomesvending.com\/web\/tienda\/maquinas\/maquinas-para-hoteles\/gs-masterbrew-2b2c\/#primaryimage","url":"https:\/\/nomesvending.com\/web\/wp-content\/uploads\/2026\/01\/KREA-100-3.jpg","contentUrl":"https:\/\/nomesvending.com\/web\/wp-content\/uploads\/2026\/01\/KREA-100-3.jpg","width":900,"height":900,"caption":"GS MasterBrew-2B2C"},{"@type":"BreadcrumbList","@id":"https:\/\/nomesvending.com\/web\/tienda\/maquinas\/maquinas-para-hoteles\/gs-masterbrew-2b2c\/#breadcrumb","itemListElement":[{"@type":"ListItem","position":1,"name":"Portada","item":"https:\/\/nomesvending.com\/web\/"},{"@type":"ListItem","position":2,"name":"Tienda","item":"https:\/\/nomesvending.com\/web\/tienda\/"},{"@type":"ListItem","position":3,"name":"GS MasterBrew-B2C H 4 EU Q"}]},{"@type":"WebSite","@id":"https:\/\/nomesvending.com\/web\/#website","url":"https:\/\/nomesvending.com\/web\/","name":"Nom\u00e9sVending","description":"M\u00e1quinas, filtros, recambios, monederos, consumibles y todo lo que necesitas para el mundo del vending. Calidad y tecnolog\u00eda para tu negocio. \u00a1Descubre nuestras soluciones!","publisher":{"@id":"https:\/\/nomesvending.com\/web\/#organization"},"potentialAction":[{"@type":"SearchAction","target":{"@type":"EntryPoint","urlTemplate":"https:\/\/nomesvending.com\/web\/?s={search_term_string}"},"query-input":{"@type":"PropertyValueSpecification","valueRequired":true,"valueName":"search_term_string"}}],"inLanguage":"es"},{"@type":"Organization","@id":"https:\/\/nomesvending.com\/web\/#organization","name":"Nom\u00e9sVending","url":"https:\/\/nomesvending.com\/web\/","logo":{"@type":"ImageObject","inLanguage":"es","@id":"https:\/\/nomesvending.com\/web\/#\/schema\/logo\/image\/","url":"https:\/\/nomesvending.com\/web\/wp-content\/uploads\/2026\/03\/Red-and-White-Modern-Vending-Machine-Services-Instagram-Post.png","contentUrl":"https:\/\/nomesvending.com\/web\/wp-content\/uploads\/2026\/03\/Red-and-White-Modern-Vending-Machine-Services-Instagram-Post.png","width":1080,"height":1080,"caption":"Nom\u00e9sVending"},"image":{"@id":"https:\/\/nomesvending.com\/web\/#\/schema\/logo\/image\/"},"sameAs":["https:\/\/www.facebook.com\/NomesVending\/","https:\/\/www.instagram.com\/nomesvending\/"]}]}},"_links":{"self":[{"href":"https:\/\/nomesvending.com\/web\/wp-json\/wp\/v2\/product\/27239","targetHints":{"allow":["GET"]}}],"collection":[{"href":"https:\/\/nomesvending.com\/web\/wp-json\/wp\/v2\/product"}],"about":[{"href":"https:\/\/nomesvending.com\/web\/wp-json\/wp\/v2\/types\/product"}],"replies":[{"embeddable":true,"href":"https:\/\/nomesvending.com\/web\/wp-json\/wp\/v2\/comments?post=27239"}],"wp:featuredmedia":[{"embeddable":true,"href":"https:\/\/nomesvending.com\/web\/wp-json\/wp\/v2\/media\/27237"}],"wp:attachment":[{"href":"https:\/\/nomesvending.com\/web\/wp-json\/wp\/v2\/media?parent=27239"}],"wp:term":[{"taxonomy":"product_brand","embeddable":true,"href":"https:\/\/nomesvending.com\/web\/wp-json\/wp\/v2\/product_brand?post=27239"},{"taxonomy":"product_cat","embeddable":true,"href":"https:\/\/nomesvending.com\/web\/wp-json\/wp\/v2\/product_cat?post=27239"},{"taxonomy":"product_tag","embeddable":true,"href":"https:\/\/nomesvending.com\/web\/wp-json\/wp\/v2\/product_tag?post=27239"}],"curies":[{"name":"wp","href":"https:\/\/api.w.org\/{rel}","templated":true}]}}