{"id":27334,"date":"2026-01-28T10:32:31","date_gmt":"2026-01-28T10:32:31","guid":{"rendered":"https:\/\/nomesvending.com\/web\/?post_type=product&#038;p=27334"},"modified":"2026-03-18T08:17:53","modified_gmt":"2026-03-18T08:17:53","slug":"vaso-de-bambu-6oz-free-plastic","status":"publish","type":"product","link":"https:\/\/nomesvending.com\/web\/tienda\/productos\/vasos\/vasos-vasos\/vaso-de-bambu-6oz-free-plastic\/","title":{"rendered":"Vaso de BAMB\u00da 6Oz FREE PLASTIC (2000uds)"},"content":{"rendered":"<p data-start=\"175\" data-end=\"469\">El <strong data-start=\"178\" data-end=\"212\">Vaso de Bamb\u00fa 6oz Free Plastic<\/strong> es una soluci\u00f3n sostenible y funcional para el servicio de bebidas calientes. Fabricado con papel de bamb\u00fa y un recubrimiento a base de agua, ofrece una excelente resistencia t\u00e9rmica y seguridad alimentaria, soportando temperaturas desde 0 \u00b0C hasta 100 \u00b0C.<\/p>\n<p data-start=\"471\" data-end=\"725\">Su composici\u00f3n lo hace compostable, biodegradable y 100 % reciclable, reduciendo el impacto ambiental sin renunciar a la calidad. Con una capacidad aproximada de 182 ml, es ideal para caf\u00e9, t\u00e9 e infusiones en servicios de vending, hosteler\u00eda y take away.<\/p>\n<p data-start=\"727\" data-end=\"899\">Dise\u00f1ado para un solo uso, combina ligereza, resistencia y compromiso ecol\u00f3gico, convirti\u00e9ndose en una alternativa responsable frente a los vasos tradicionales de pl\u00e1stico.<\/p>\n<p data-start=\"901\" data-end=\"987\" data-is-last-node=\"\" data-is-only-node=\"\">Si lo quieres a\u00fan <strong data-start=\"919\" data-end=\"932\">m\u00e1s corto<\/strong>, m\u00e1s comercial o m\u00e1s t\u00e9cnico, lo ajusto en un momento.<\/p>\n","protected":false},"excerpt":{"rendered":"<table style=\"border-collapse: collapse; width: 100%; text-align: center;\">\n<tbody>\n<tr>\n<td style=\"border: 1px solid #000; padding: 10px;\">Caja<\/td>\n<td style=\"border: 1px solid #000; padding: 10px;\">2.000 Unidades<\/td>\n<\/tr>\n<tr>\n<td style=\"border: 1px solid #000; padding: 10px;\">Palet<\/td>\n<td style=\"border: 1px solid #000; padding: 10px;\">40.000 Unidades<\/td>\n<\/tr>\n<\/tbody>\n<\/table>\n","protected":false},"featured_media":25370,"comment_status":"open","ping_status":"closed","template":"","meta":[],"product_brand":[226],"product_cat":[105,51,94],"product_tag":[54],"class_list":{"0":"post-27334","1":"product","2":"type-product","3":"status-publish","4":"has-post-thumbnail","6":"product_brand-profesional","7":"product_cat-vasos-vasos","8":"product_cat-productos","9":"product_cat-vasos","10":"product_tag-profesional","12":"first","13":"instock","14":"taxable","15":"shipping-taxable","16":"purchasable","17":"product-type-simple"},"yoast_head":"<!-- This site is optimized with the Yoast SEO plugin v27.0 - https:\/\/yoast.com\/product\/yoast-seo-wordpress\/ -->\n<title>Vaso de BAMB\u00da 6Oz FREE PLASTIC (2000uds) - Nomesvending<\/title>\n<meta name=\"description\" content=\"Vaso de bamb\u00fa 6oz free plastic compostable y reciclable, ideal para bebidas calientes. Resistente hasta 100 \u00b0C y libre de pl\u00e1stico.\" \/>\n<meta name=\"robots\" content=\"index, follow, max-snippet:-1, max-image-preview:large, max-video-preview:-1\" \/>\n<link rel=\"canonical\" href=\"https:\/\/nomesvending.com\/web\/tienda\/productos\/vasos\/vasos-vasos\/vaso-de-bambu-6oz-free-plastic\/\" \/>\n<meta property=\"og:locale\" content=\"es_ES\" \/>\n<meta property=\"og:type\" content=\"article\" \/>\n<meta property=\"og:title\" content=\"Vaso de BAMB\u00da 6Oz FREE PLASTIC (2000uds) - Nomesvending\" \/>\n<meta property=\"og:description\" content=\"Vaso de bamb\u00fa 6oz free plastic compostable y reciclable, ideal para bebidas calientes. Resistente hasta 100 \u00b0C y libre de pl\u00e1stico.\" \/>\n<meta property=\"og:url\" content=\"https:\/\/nomesvending.com\/web\/tienda\/productos\/vasos\/vasos-vasos\/vaso-de-bambu-6oz-free-plastic\/\" \/>\n<meta property=\"og:site_name\" content=\"Nomesvending\" \/>\n<meta property=\"article:publisher\" content=\"https:\/\/www.facebook.com\/NomesVending\/\" \/>\n<meta property=\"article:modified_time\" content=\"2026-03-18T08:17:53+00:00\" \/>\n<meta property=\"og:image\" content=\"https:\/\/nomesvending.com\/web\/wp-content\/uploads\/2024\/05\/90117-3.jpg\" \/>\n\t<meta property=\"og:image:width\" content=\"500\" \/>\n\t<meta property=\"og:image:height\" content=\"500\" \/>\n\t<meta property=\"og:image:type\" content=\"image\/jpeg\" \/>\n<meta name=\"twitter:card\" content=\"summary_large_image\" \/>\n<meta name=\"twitter:label1\" content=\"Tiempo de lectura\" \/>\n\t<meta name=\"twitter:data1\" content=\"1 minuto\" \/>\n<script type=\"application\/ld+json\" class=\"yoast-schema-graph\">{\"@context\":\"https:\/\/schema.org\",\"@graph\":[{\"@type\":\"WebPage\",\"@id\":\"https:\/\/nomesvending.com\/web\/tienda\/productos\/vasos\/vasos-vasos\/vaso-de-bambu-6oz-free-plastic\/\",\"url\":\"https:\/\/nomesvending.com\/web\/tienda\/productos\/vasos\/vasos-vasos\/vaso-de-bambu-6oz-free-plastic\/\",\"name\":\"Vaso de BAMB\u00da 6Oz FREE PLASTIC (2000uds) - Nomesvending\",\"isPartOf\":{\"@id\":\"https:\/\/nomesvending.com\/web\/#website\"},\"primaryImageOfPage\":{\"@id\":\"https:\/\/nomesvending.com\/web\/tienda\/productos\/vasos\/vasos-vasos\/vaso-de-bambu-6oz-free-plastic\/#primaryimage\"},\"image\":{\"@id\":\"https:\/\/nomesvending.com\/web\/tienda\/productos\/vasos\/vasos-vasos\/vaso-de-bambu-6oz-free-plastic\/#primaryimage\"},\"thumbnailUrl\":\"https:\/\/nomesvending.com\/web\/wp-content\/uploads\/2024\/05\/90117-3.jpg\",\"datePublished\":\"2026-01-28T10:32:31+00:00\",\"dateModified\":\"2026-03-18T08:17:53+00:00\",\"description\":\"Vaso de bamb\u00fa 6oz free plastic compostable y reciclable, ideal para bebidas calientes. Resistente hasta 100 \u00b0C y libre de pl\u00e1stico.\",\"breadcrumb\":{\"@id\":\"https:\/\/nomesvending.com\/web\/tienda\/productos\/vasos\/vasos-vasos\/vaso-de-bambu-6oz-free-plastic\/#breadcrumb\"},\"inLanguage\":\"es\",\"potentialAction\":[{\"@type\":\"ReadAction\",\"target\":[\"https:\/\/nomesvending.com\/web\/tienda\/productos\/vasos\/vasos-vasos\/vaso-de-bambu-6oz-free-plastic\/\"]}]},{\"@type\":\"ImageObject\",\"inLanguage\":\"es\",\"@id\":\"https:\/\/nomesvending.com\/web\/tienda\/productos\/vasos\/vasos-vasos\/vaso-de-bambu-6oz-free-plastic\/#primaryimage\",\"url\":\"https:\/\/nomesvending.com\/web\/wp-content\/uploads\/2024\/05\/90117-3.jpg\",\"contentUrl\":\"https:\/\/nomesvending.com\/web\/wp-content\/uploads\/2024\/05\/90117-3.jpg\",\"width\":500,\"height\":500,\"caption\":\"Vaso de BAMB\u00da 6Oz\"},{\"@type\":\"BreadcrumbList\",\"@id\":\"https:\/\/nomesvending.com\/web\/tienda\/productos\/vasos\/vasos-vasos\/vaso-de-bambu-6oz-free-plastic\/#breadcrumb\",\"itemListElement\":[{\"@type\":\"ListItem\",\"position\":1,\"name\":\"Portada\",\"item\":\"https:\/\/nomesvending.com\/web\/\"},{\"@type\":\"ListItem\",\"position\":2,\"name\":\"Tienda\",\"item\":\"https:\/\/nomesvending.com\/web\/tienda\/\"},{\"@type\":\"ListItem\",\"position\":3,\"name\":\"Vaso de BAMB\u00da 6Oz FREE PLASTIC (2000uds)\"}]},{\"@type\":\"WebSite\",\"@id\":\"https:\/\/nomesvending.com\/web\/#website\",\"url\":\"https:\/\/nomesvending.com\/web\/\",\"name\":\"Nom\u00e9sVending\",\"description\":\"M\u00e1quinas, filtros, recambios, monederos, consumibles y todo lo que necesitas para el mundo del vending. Calidad y tecnolog\u00eda para tu negocio. \u00a1Descubre nuestras soluciones!\",\"publisher\":{\"@id\":\"https:\/\/nomesvending.com\/web\/#organization\"},\"potentialAction\":[{\"@type\":\"SearchAction\",\"target\":{\"@type\":\"EntryPoint\",\"urlTemplate\":\"https:\/\/nomesvending.com\/web\/?s={search_term_string}\"},\"query-input\":{\"@type\":\"PropertyValueSpecification\",\"valueRequired\":true,\"valueName\":\"search_term_string\"}}],\"inLanguage\":\"es\"},{\"@type\":\"Organization\",\"@id\":\"https:\/\/nomesvending.com\/web\/#organization\",\"name\":\"Nom\u00e9sVending\",\"url\":\"https:\/\/nomesvending.com\/web\/\",\"logo\":{\"@type\":\"ImageObject\",\"inLanguage\":\"es\",\"@id\":\"https:\/\/nomesvending.com\/web\/#\/schema\/logo\/image\/\",\"url\":\"https:\/\/nomesvending.com\/web\/wp-content\/uploads\/2026\/03\/Red-and-White-Modern-Vending-Machine-Services-Instagram-Post.png\",\"contentUrl\":\"https:\/\/nomesvending.com\/web\/wp-content\/uploads\/2026\/03\/Red-and-White-Modern-Vending-Machine-Services-Instagram-Post.png\",\"width\":1080,\"height\":1080,\"caption\":\"Nom\u00e9sVending\"},\"image\":{\"@id\":\"https:\/\/nomesvending.com\/web\/#\/schema\/logo\/image\/\"},\"sameAs\":[\"https:\/\/www.facebook.com\/NomesVending\/\",\"https:\/\/www.instagram.com\/nomesvending\/\"]}]}<\/script>\n<!-- \/ Yoast SEO plugin. -->","yoast_head_json":{"title":"Vaso de BAMB\u00da 6Oz FREE PLASTIC (2000uds) - Nomesvending","description":"Vaso de bamb\u00fa 6oz free plastic compostable y reciclable, ideal para bebidas calientes. Resistente hasta 100 \u00b0C y libre de pl\u00e1stico.","robots":{"index":"index","follow":"follow","max-snippet":"max-snippet:-1","max-image-preview":"max-image-preview:large","max-video-preview":"max-video-preview:-1"},"canonical":"https:\/\/nomesvending.com\/web\/tienda\/productos\/vasos\/vasos-vasos\/vaso-de-bambu-6oz-free-plastic\/","og_locale":"es_ES","og_type":"article","og_title":"Vaso de BAMB\u00da 6Oz FREE PLASTIC (2000uds) - Nomesvending","og_description":"Vaso de bamb\u00fa 6oz free plastic compostable y reciclable, ideal para bebidas calientes. Resistente hasta 100 \u00b0C y libre de pl\u00e1stico.","og_url":"https:\/\/nomesvending.com\/web\/tienda\/productos\/vasos\/vasos-vasos\/vaso-de-bambu-6oz-free-plastic\/","og_site_name":"Nomesvending","article_publisher":"https:\/\/www.facebook.com\/NomesVending\/","article_modified_time":"2026-03-18T08:17:53+00:00","og_image":[{"width":500,"height":500,"url":"https:\/\/nomesvending.com\/web\/wp-content\/uploads\/2024\/05\/90117-3.jpg","type":"image\/jpeg"}],"twitter_card":"summary_large_image","twitter_misc":{"Tiempo de lectura":"1 minuto"},"schema":{"@context":"https:\/\/schema.org","@graph":[{"@type":"WebPage","@id":"https:\/\/nomesvending.com\/web\/tienda\/productos\/vasos\/vasos-vasos\/vaso-de-bambu-6oz-free-plastic\/","url":"https:\/\/nomesvending.com\/web\/tienda\/productos\/vasos\/vasos-vasos\/vaso-de-bambu-6oz-free-plastic\/","name":"Vaso de BAMB\u00da 6Oz FREE PLASTIC (2000uds) - Nomesvending","isPartOf":{"@id":"https:\/\/nomesvending.com\/web\/#website"},"primaryImageOfPage":{"@id":"https:\/\/nomesvending.com\/web\/tienda\/productos\/vasos\/vasos-vasos\/vaso-de-bambu-6oz-free-plastic\/#primaryimage"},"image":{"@id":"https:\/\/nomesvending.com\/web\/tienda\/productos\/vasos\/vasos-vasos\/vaso-de-bambu-6oz-free-plastic\/#primaryimage"},"thumbnailUrl":"https:\/\/nomesvending.com\/web\/wp-content\/uploads\/2024\/05\/90117-3.jpg","datePublished":"2026-01-28T10:32:31+00:00","dateModified":"2026-03-18T08:17:53+00:00","description":"Vaso de bamb\u00fa 6oz free plastic compostable y reciclable, ideal para bebidas calientes. Resistente hasta 100 \u00b0C y libre de pl\u00e1stico.","breadcrumb":{"@id":"https:\/\/nomesvending.com\/web\/tienda\/productos\/vasos\/vasos-vasos\/vaso-de-bambu-6oz-free-plastic\/#breadcrumb"},"inLanguage":"es","potentialAction":[{"@type":"ReadAction","target":["https:\/\/nomesvending.com\/web\/tienda\/productos\/vasos\/vasos-vasos\/vaso-de-bambu-6oz-free-plastic\/"]}]},{"@type":"ImageObject","inLanguage":"es","@id":"https:\/\/nomesvending.com\/web\/tienda\/productos\/vasos\/vasos-vasos\/vaso-de-bambu-6oz-free-plastic\/#primaryimage","url":"https:\/\/nomesvending.com\/web\/wp-content\/uploads\/2024\/05\/90117-3.jpg","contentUrl":"https:\/\/nomesvending.com\/web\/wp-content\/uploads\/2024\/05\/90117-3.jpg","width":500,"height":500,"caption":"Vaso de BAMB\u00da 6Oz"},{"@type":"BreadcrumbList","@id":"https:\/\/nomesvending.com\/web\/tienda\/productos\/vasos\/vasos-vasos\/vaso-de-bambu-6oz-free-plastic\/#breadcrumb","itemListElement":[{"@type":"ListItem","position":1,"name":"Portada","item":"https:\/\/nomesvending.com\/web\/"},{"@type":"ListItem","position":2,"name":"Tienda","item":"https:\/\/nomesvending.com\/web\/tienda\/"},{"@type":"ListItem","position":3,"name":"Vaso de BAMB\u00da 6Oz FREE PLASTIC (2000uds)"}]},{"@type":"WebSite","@id":"https:\/\/nomesvending.com\/web\/#website","url":"https:\/\/nomesvending.com\/web\/","name":"Nom\u00e9sVending","description":"M\u00e1quinas, filtros, recambios, monederos, consumibles y todo lo que necesitas para el mundo del vending. Calidad y tecnolog\u00eda para tu negocio. \u00a1Descubre nuestras soluciones!","publisher":{"@id":"https:\/\/nomesvending.com\/web\/#organization"},"potentialAction":[{"@type":"SearchAction","target":{"@type":"EntryPoint","urlTemplate":"https:\/\/nomesvending.com\/web\/?s={search_term_string}"},"query-input":{"@type":"PropertyValueSpecification","valueRequired":true,"valueName":"search_term_string"}}],"inLanguage":"es"},{"@type":"Organization","@id":"https:\/\/nomesvending.com\/web\/#organization","name":"Nom\u00e9sVending","url":"https:\/\/nomesvending.com\/web\/","logo":{"@type":"ImageObject","inLanguage":"es","@id":"https:\/\/nomesvending.com\/web\/#\/schema\/logo\/image\/","url":"https:\/\/nomesvending.com\/web\/wp-content\/uploads\/2026\/03\/Red-and-White-Modern-Vending-Machine-Services-Instagram-Post.png","contentUrl":"https:\/\/nomesvending.com\/web\/wp-content\/uploads\/2026\/03\/Red-and-White-Modern-Vending-Machine-Services-Instagram-Post.png","width":1080,"height":1080,"caption":"Nom\u00e9sVending"},"image":{"@id":"https:\/\/nomesvending.com\/web\/#\/schema\/logo\/image\/"},"sameAs":["https:\/\/www.facebook.com\/NomesVending\/","https:\/\/www.instagram.com\/nomesvending\/"]}]}},"_links":{"self":[{"href":"https:\/\/nomesvending.com\/web\/wp-json\/wp\/v2\/product\/27334","targetHints":{"allow":["GET"]}}],"collection":[{"href":"https:\/\/nomesvending.com\/web\/wp-json\/wp\/v2\/product"}],"about":[{"href":"https:\/\/nomesvending.com\/web\/wp-json\/wp\/v2\/types\/product"}],"replies":[{"embeddable":true,"href":"https:\/\/nomesvending.com\/web\/wp-json\/wp\/v2\/comments?post=27334"}],"wp:featuredmedia":[{"embeddable":true,"href":"https:\/\/nomesvending.com\/web\/wp-json\/wp\/v2\/media\/25370"}],"wp:attachment":[{"href":"https:\/\/nomesvending.com\/web\/wp-json\/wp\/v2\/media?parent=27334"}],"wp:term":[{"taxonomy":"product_brand","embeddable":true,"href":"https:\/\/nomesvending.com\/web\/wp-json\/wp\/v2\/product_brand?post=27334"},{"taxonomy":"product_cat","embeddable":true,"href":"https:\/\/nomesvending.com\/web\/wp-json\/wp\/v2\/product_cat?post=27334"},{"taxonomy":"product_tag","embeddable":true,"href":"https:\/\/nomesvending.com\/web\/wp-json\/wp\/v2\/product_tag?post=27334"}],"curies":[{"name":"wp","href":"https:\/\/api.w.org\/{rel}","templated":true}]}}